{"id":5,"date":"2017-04-04T19:08:40","date_gmt":"2017-04-04T17:08:40","guid":{"rendered":"http:\/\/ostravskamuzejninoc.cz\/subdom\/2017\/?page_id=5"},"modified":"2017-06-05T21:44:05","modified_gmt":"2017-06-05T19:44:05","slug":"program","status":"publish","type":"page","link":"https:\/\/2017.ostravskamuzejninoc.cz\/cs\/program\/","title":{"rendered":"Program"},"content":{"rendered":"<p><\/p>\n<h1>Ostravsk\u00e1 muzejn\u00ed noc 10. 6. 2017<\/h1>\n<p>&nbsp;<\/p>\n<p>Dev\u00e1t\u00fd ro\u010dn\u00edk kulturn\u00edho festivalu s\u00a0n\u00e1zvem Ostravsk\u00e1 muzejn\u00ed noc se nezadr\u017eiteln\u011b bl\u00ed\u017e\u00ed. V\u00a0sobotu 10. \u010dervna otev\u0159e od 17 hodin 39 ostravsk\u00fdch instituc\u00ed, kter\u00e9 se v\u011bnuj\u00ed kultu\u0159e nebo vzd\u011bl\u00e1v\u00e1n\u00ed, sv\u00e9 dve\u0159e ve\u0159ejnosti do pozdn\u00edch ve\u010dern\u00edch hodin. Nebudou chyb\u011bt v\u00fdstavy, komentovan\u00e9 prohl\u00eddky, p\u0159edn\u00e1\u0161ky, projekce, koncerty, workshopy, tv\u016fr\u010d\u00ed d\u00edlny nebo sc\u00e9nick\u00e1 vystoupen\u00ed. Do sv\u00e9ho z\u00e1kulis\u00ed v\u00e1s pust\u00ed muzea, galerie, knihovny, \u0161koly, technick\u00e9 pam\u00e1tky, kav\u00e1rny, kluby, radnice, cirkus i centra se speci\u00e1ln\u00edm zam\u011b\u0159en\u00edm.<\/p>\n<p>P\u0159ipojte se k\u00a0n\u00e1m a projd\u011bte si kulturn\u00ed a vzd\u011bl\u00e1vac\u00ed za\u0159\u00edzen\u00ed v\u00a0netradi\u010dn\u00edch hodin\u00e1ch a s\u00a0netradi\u010dn\u00edm programem. I letos m\u016f\u017eete vyu\u017e\u00edt autobusy \u010dty\u0159 muzejn\u00edch linek zdarma. T\u011b\u0161\u00edme se na v\u00e1s, va\u0161e d\u011bti, bl\u00edzk\u00e9, p\u0159\u00e1tele, sousedy i zn\u00e1m\u00e9. Program spole\u010dn\u00e9ho zah\u00e1jen\u00ed festivalu p\u0159ed budovou Nov\u00e9 radnice za\u010dne v\u00a017.30 hodin. Vstupn\u00e9 je zdarma, ale pozor pou\u0161t\u00edme jen n\u00e1v\u0161t\u011bvn\u00edky s\u00a0\u00fasm\u011bvem na rtech a dobrou n\u00e1ladou!<\/p>\n<p>Ostravsk\u00e1 muzejn\u00ed noc se kon\u00e1 pod z\u00e1\u0161titou hejtmana Moravskoslezsk\u00e9ho kraje Ivo Vondr\u00e1ka a prim\u00e1tora statut\u00e1rn\u00edho m\u011bsta Ostravy Tom\u00e1\u0161e Macury<\/p>\n<p><strong>Festival finan\u010dn\u011b podpo\u0159il Moravskoslezsk\u00fd kraj a statut\u00e1rn\u00ed m\u011bsto Ostrava<\/strong><\/p>\n<p>Festival muzejn\u00edch noc\u00ed 2017 po\u0159\u00e1d\u00e1 Asociace Muze\u00ed a galeri\u00ed \u010cesk\u00e9 republiky s podporou Ministerstva kultury \u010cR.<\/p>\n<h4><a href=\"https:\/\/2017.ostravskamuzejninoc.cz\/wp-content\/uploads\/2017\/05\/2017omn_brochure_A6_web2.pdf\">Bro\u017eura ke sta\u017een\u00ed ve form\u00e1tu PDF<\/a><\/h4>\n<p><\/p>","protected":false},"excerpt":{"rendered":"<p>Ostravsk\u00e1 muzejn\u00ed noc 10. 6. 2017 &nbsp; Dev\u00e1t\u00fd ro\u010dn\u00edk kulturn\u00edho &hellip;<\/p>\n","protected":false},"author":1,"featured_media":172,"parent":0,"menu_order":0,"comment_status":"closed","ping_status":"closed","template":"","meta":[],"_links":{"self":[{"href":"https:\/\/2017.ostravskamuzejninoc.cz\/cs\/wp-json\/wp\/v2\/pages\/5"}],"collection":[{"href":"https:\/\/2017.ostravskamuzejninoc.cz\/cs\/wp-json\/wp\/v2\/pages"}],"about":[{"href":"https:\/\/2017.ostravskamuzejninoc.cz\/cs\/wp-json\/wp\/v2\/types\/page"}],"author":[{"embeddable":true,"href":"https:\/\/2017.ostravskamuzejninoc.cz\/cs\/wp-json\/wp\/v2\/users\/1"}],"replies":[{"embeddable":true,"href":"https:\/\/2017.ostravskamuzejninoc.cz\/cs\/wp-json\/wp\/v2\/comments?post=5"}],"version-history":[{"count":18,"href":"https:\/\/2017.ostravskamuzejninoc.cz\/cs\/wp-json\/wp\/v2\/pages\/5\/revisions"}],"predecessor-version":[{"id":951,"href":"https:\/\/2017.ostravskamuzejninoc.cz\/cs\/wp-json\/wp\/v2\/pages\/5\/revisions\/951"}],"wp:featuredmedia":[{"embeddable":true,"href":"https:\/\/2017.ostravskamuzejninoc.cz\/cs\/wp-json\/wp\/v2\/media\/172"}],"wp:attachment":[{"href":"https:\/\/2017.ostravskamuzejninoc.cz\/cs\/wp-json\/wp\/v2\/media?parent=5"}],"curies":[{"name":"wp","href":"https:\/\/api.w.org\/{rel}","templated":true}]}}