{"id":773,"date":"2017-05-26T13:22:20","date_gmt":"2017-05-26T11:22:20","guid":{"rendered":"http:\/\/ostravskamuzejninoc.cz\/subdom\/2017\/?page_id=773"},"modified":"2017-05-26T20:44:19","modified_gmt":"2017-05-26T18:44:19","slug":"partneri","status":"publish","type":"page","link":"https:\/\/2017.ostravskamuzejninoc.cz\/cs\/partneri\/","title":{"rendered":"Partne\u0159i"},"content":{"rendered":"<p><\/p>\n<h1><strong>Partne\u0159i<\/strong><\/h1>\n<table>\n<tbody>\n<tr>\n<td width=\"25%\">Festival finan\u010dn\u011b podpo\u0159ili Moravskoslezsk\u00fd kraj a statut\u00e1rn\u00ed m\u011bsto Ostrava<\/td>\n<td width=\"25%\">\u00a0<a href=\"https:\/\/www.msk.cz\/\" target=\"_blank\" rel=\"noopener noreferrer\"><img loading=\"lazy\" class=\"alignnone size-full wp-image-780\" src=\"https:\/\/2017.ostravskamuzejninoc.cz\/wp-content\/uploads\/2017\/05\/moravskoslezsky_kraj.png\" alt=\"\" width=\"300\" height=\"100\" srcset=\"https:\/\/2017.ostravskamuzejninoc.cz\/wp-content\/uploads\/2017\/05\/moravskoslezsky_kraj.png 300w, https:\/\/2017.ostravskamuzejninoc.cz\/wp-content\/uploads\/2017\/05\/moravskoslezsky_kraj-184x61.png 184w\" sizes=\"(max-width: 300px) 100vw, 300px\" \/><\/a><\/td>\n<td width=\"25%\">\u00a0<a href=\"https:\/\/www.ostrava.cz\" target=\"_blank\" rel=\"noopener noreferrer\"><img loading=\"lazy\" class=\"alignnone size-full wp-image-786\" src=\"https:\/\/2017.ostravskamuzejninoc.cz\/wp-content\/uploads\/2017\/05\/750_ova-1.png\" alt=\"\" width=\"300\" height=\"100\" srcset=\"https:\/\/2017.ostravskamuzejninoc.cz\/wp-content\/uploads\/2017\/05\/750_ova-1.png 300w, https:\/\/2017.ostravskamuzejninoc.cz\/wp-content\/uploads\/2017\/05\/750_ova-1-184x61.png 184w\" sizes=\"(max-width: 300px) 100vw, 300px\" \/><\/a><\/td>\n<td width=\"25%\"><\/td>\n<\/tr>\n<\/tbody>\n<\/table>\n<table>\n<tbody>\n<tr>\n<td width=\"25%\"><strong>Medi\u00e1ln\u00ed partner:<\/strong><\/td>\n<td width=\"25%\"><a href=\"https:\/\/www.rozhlas.cz\/ostrava\/portal\/\" target=\"_blank\" rel=\"noopener noreferrer\"><img loading=\"lazy\" class=\"alignnone size-full wp-image-778\" src=\"https:\/\/2017.ostravskamuzejninoc.cz\/wp-content\/uploads\/2017\/05\/cro.png\" alt=\"\" width=\"300\" height=\"100\" srcset=\"https:\/\/2017.ostravskamuzejninoc.cz\/wp-content\/uploads\/2017\/05\/cro.png 300w, https:\/\/2017.ostravskamuzejninoc.cz\/wp-content\/uploads\/2017\/05\/cro-184x61.png 184w\" sizes=\"(max-width: 300px) 100vw, 300px\" \/><\/a><\/td>\n<td width=\"25%\"><\/td>\n<td width=\"25%\"><\/td>\n<\/tr>\n<\/tbody>\n<\/table>\n<table>\n<tbody>\n<tr>\n<td width=\"25%\"><strong>Partne\u0159i:<\/strong><\/td>\n<td width=\"25%\"><a href=\"https:\/\/www.dpo.cz\" target=\"_blank\" rel=\"noopener noreferrer\"><img loading=\"lazy\" class=\"alignnone size-full wp-image-779\" src=\"https:\/\/2017.ostravskamuzejninoc.cz\/wp-content\/uploads\/2017\/05\/dpo.png\" alt=\"\" width=\"300\" height=\"100\" srcset=\"https:\/\/2017.ostravskamuzejninoc.cz\/wp-content\/uploads\/2017\/05\/dpo.png 300w, https:\/\/2017.ostravskamuzejninoc.cz\/wp-content\/uploads\/2017\/05\/dpo-184x61.png 184w\" sizes=\"(max-width: 300px) 100vw, 300px\" \/><\/a><\/td>\n<td width=\"25%\"><a href=\"https:\/\/retis.info\/retis\/www\/\" target=\"_blank\" rel=\"noopener noreferrer\"><img loading=\"lazy\" class=\"alignnone size-full wp-image-783\" src=\"https:\/\/2017.ostravskamuzejninoc.cz\/wp-content\/uploads\/2017\/05\/retis.png\" alt=\"\" width=\"300\" height=\"100\" srcset=\"https:\/\/2017.ostravskamuzejninoc.cz\/wp-content\/uploads\/2017\/05\/retis.png 300w, https:\/\/2017.ostravskamuzejninoc.cz\/wp-content\/uploads\/2017\/05\/retis-184x61.png 184w\" sizes=\"(max-width: 300px) 100vw, 300px\" \/><\/a><\/td>\n<td width=\"25%\"><a href=\"https:\/\/www.cz-museums.cz\/web\/amg\/titulni\" target=\"_blank\" rel=\"noopener noreferrer\"><img loading=\"lazy\" class=\"alignnone size-full wp-image-776\" src=\"https:\/\/2017.ostravskamuzejninoc.cz\/wp-content\/uploads\/2017\/05\/amg.png\" alt=\"\" width=\"300\" height=\"100\" srcset=\"https:\/\/2017.ostravskamuzejninoc.cz\/wp-content\/uploads\/2017\/05\/amg.png 300w, https:\/\/2017.ostravskamuzejninoc.cz\/wp-content\/uploads\/2017\/05\/amg-184x61.png 184w\" sizes=\"(max-width: 300px) 100vw, 300px\" \/><\/a><\/td>\n<\/tr>\n<\/tbody>\n<\/table>\n<table>\n<tbody>\n<tr>\n<td width=\"25%\"><\/td>\n<td width=\"25%\"><a href=\"https:\/\/www.ovanet.cz\/Default.aspx\" target=\"_blank\" rel=\"noopener noreferrer\"><img loading=\"lazy\" class=\"alignnone size-full wp-image-781\" src=\"https:\/\/2017.ostravskamuzejninoc.cz\/wp-content\/uploads\/2017\/05\/ova_net.png\" alt=\"\" width=\"300\" height=\"100\" srcset=\"https:\/\/2017.ostravskamuzejninoc.cz\/wp-content\/uploads\/2017\/05\/ova_net.png 300w, https:\/\/2017.ostravskamuzejninoc.cz\/wp-content\/uploads\/2017\/05\/ova_net-184x61.png 184w\" sizes=\"(max-width: 300px) 100vw, 300px\" \/><\/a><\/td>\n<td width=\"25%\"><a href=\"https:\/\/program.mise.cz\/\" target=\"_blank\" rel=\"noopener noreferrer\"><img loading=\"lazy\" class=\"alignnone size-full wp-image-782\" src=\"https:\/\/2017.ostravskamuzejninoc.cz\/wp-content\/uploads\/2017\/05\/program.png\" alt=\"\" width=\"300\" height=\"100\" srcset=\"https:\/\/2017.ostravskamuzejninoc.cz\/wp-content\/uploads\/2017\/05\/program.png 300w, https:\/\/2017.ostravskamuzejninoc.cz\/wp-content\/uploads\/2017\/05\/program-184x61.png 184w\" sizes=\"(max-width: 300px) 100vw, 300px\" \/><\/a><\/td>\n<td width=\"25%\"><a href=\"https:\/\/www.cirkulum.cz\/\" target=\"_blank\" rel=\"noopener noreferrer\"><img loading=\"lazy\" class=\"alignnone wp-image-788\" src=\"https:\/\/2017.ostravskamuzejninoc.cz\/wp-content\/uploads\/2017\/05\/cirkulum_logo-small-420x139.png\" alt=\"\" width=\"250\" height=\"83\" srcset=\"https:\/\/2017.ostravskamuzejninoc.cz\/wp-content\/uploads\/2017\/05\/cirkulum_logo-small-420x139.png 420w, https:\/\/2017.ostravskamuzejninoc.cz\/wp-content\/uploads\/2017\/05\/cirkulum_logo-small-184x61.png 184w, https:\/\/2017.ostravskamuzejninoc.cz\/wp-content\/uploads\/2017\/05\/cirkulum_logo-small.png 500w\" sizes=\"(max-width: 250px) 100vw, 250px\" \/><\/a><\/td>\n<\/tr>\n<\/tbody>\n<\/table>\n<p><\/p>","protected":false},"excerpt":{"rendered":"<p>Partne\u0159i Festival finan\u010dn\u011b podpo\u0159ili Moravskoslezsk\u00fd kraj a statut\u00e1rn\u00ed m\u011bsto Ostrava &hellip;<\/p>\n","protected":false},"author":1,"featured_media":0,"parent":0,"menu_order":0,"comment_status":"closed","ping_status":"closed","template":"","meta":[],"_links":{"self":[{"href":"https:\/\/2017.ostravskamuzejninoc.cz\/cs\/wp-json\/wp\/v2\/pages\/773"}],"collection":[{"href":"https:\/\/2017.ostravskamuzejninoc.cz\/cs\/wp-json\/wp\/v2\/pages"}],"about":[{"href":"https:\/\/2017.ostravskamuzejninoc.cz\/cs\/wp-json\/wp\/v2\/types\/page"}],"author":[{"embeddable":true,"href":"https:\/\/2017.ostravskamuzejninoc.cz\/cs\/wp-json\/wp\/v2\/users\/1"}],"replies":[{"embeddable":true,"href":"https:\/\/2017.ostravskamuzejninoc.cz\/cs\/wp-json\/wp\/v2\/comments?post=773"}],"version-history":[{"count":19,"href":"https:\/\/2017.ostravskamuzejninoc.cz\/cs\/wp-json\/wp\/v2\/pages\/773\/revisions"}],"predecessor-version":[{"id":846,"href":"https:\/\/2017.ostravskamuzejninoc.cz\/cs\/wp-json\/wp\/v2\/pages\/773\/revisions\/846"}],"wp:attachment":[{"href":"https:\/\/2017.ostravskamuzejninoc.cz\/cs\/wp-json\/wp\/v2\/media?parent=773"}],"curies":[{"name":"wp","href":"https:\/\/api.w.org\/{rel}","templated":true}]}}