{"id":804,"date":"2017-05-26T13:51:25","date_gmt":"2017-05-26T11:51:25","guid":{"rendered":"http:\/\/ostravskamuzejninoc.cz\/subdom\/2017\/?page_id=804"},"modified":"2017-05-31T14:28:45","modified_gmt":"2017-05-31T12:28:45","slug":"doprava-2","status":"publish","type":"page","link":"https:\/\/2017.ostravskamuzejninoc.cz\/cs\/doprava-2\/","title":{"rendered":"Doprava"},"content":{"rendered":"<p><\/p>\n<h1>Doprava<\/h1>\n<p>&nbsp;<\/p>\n<p>Pro Ostravskou muzejn\u00ed noc vyprav\u00ed Dopravn\u00ed podnik Ostrava zvl\u00e1\u0161tn\u00ed bezplatn\u00e9 linky, kter\u00e9 zajist\u00ed p\u0159epravu cestuj\u00edc\u00edch mezi z\u00fa\u010dastn\u011bn\u00fdmi institucemi. V provozu budou celkem \u010dty\u0159i autobusov\u00e9 linky ozna\u010den\u00e9 p\u00edsmeny A, B, C a D se spole\u010dnou v\u00fdchoz\u00ed zast\u00e1vkou V\u00fdstavi\u0161t\u011b, ze kter\u00e9 jsou pl\u00e1nov\u00e1ny odjezdy jednotliv\u00fdch spoj\u016f v ka\u017edou 5., 25. a 45. minutu. Na zast\u00e1vce V\u00fdstavi\u0161t\u011b bude mo\u017en\u00fd vz\u00e1jemn\u00fd p\u0159estup mezi jednotliv\u00fdmi autobusov\u00fdmi linkami tak, aby cestuj\u00edc\u00ed mohli nav\u0161t\u00edvit z\u00fa\u010dastn\u011bn\u00e9 kulturn\u00ed instituce.<br \/>\nDoprava cestuj\u00edc\u00edch na v\u0161ech muzejn\u00edch link\u00e1ch je bezplatn\u00e1.<\/p>\n<div id='gallery-1' class='gallery galleryid-804 gallery-columns-2 gallery-size-thumbnail'><figure class='gallery-item'>\n\t\t\t<div class='gallery-icon portrait'>\n\t\t\t\t<a href='https:\/\/2017.ostravskamuzejninoc.cz\/wp-content\/uploads\/2017\/05\/jizdni_rady-1.jpg'><img width=\"420\" height=\"589\" src=\"https:\/\/2017.ostravskamuzejninoc.cz\/wp-content\/uploads\/2017\/05\/jizdni_rady-1-420x589.jpg\" class=\"attachment-thumbnail size-thumbnail\" alt=\"\" loading=\"lazy\" srcset=\"https:\/\/2017.ostravskamuzejninoc.cz\/wp-content\/uploads\/2017\/05\/jizdni_rady-1-420x589.jpg 420w, https:\/\/2017.ostravskamuzejninoc.cz\/wp-content\/uploads\/2017\/05\/jizdni_rady-1-744x1043.jpg 744w, https:\/\/2017.ostravskamuzejninoc.cz\/wp-content\/uploads\/2017\/05\/jizdni_rady-1-768x1076.jpg 768w, https:\/\/2017.ostravskamuzejninoc.cz\/wp-content\/uploads\/2017\/05\/jizdni_rady-1-184x258.jpg 184w, https:\/\/2017.ostravskamuzejninoc.cz\/wp-content\/uploads\/2017\/05\/jizdni_rady-1.jpg 800w\" sizes=\"(max-width: 420px) 100vw, 420px\" \/><\/a>\n\t\t\t<\/div><\/figure><figure class='gallery-item'>\n\t\t\t<div class='gallery-icon portrait'>\n\t\t\t\t<a href='https:\/\/2017.ostravskamuzejninoc.cz\/wp-content\/uploads\/2017\/05\/jizdni_rady-2.jpg'><img width=\"420\" height=\"592\" src=\"https:\/\/2017.ostravskamuzejninoc.cz\/wp-content\/uploads\/2017\/05\/jizdni_rady-2-420x592.jpg\" class=\"attachment-thumbnail size-thumbnail\" alt=\"\" loading=\"lazy\" srcset=\"https:\/\/2017.ostravskamuzejninoc.cz\/wp-content\/uploads\/2017\/05\/jizdni_rady-2-420x592.jpg 420w, https:\/\/2017.ostravskamuzejninoc.cz\/wp-content\/uploads\/2017\/05\/jizdni_rady-2-744x1048.jpg 744w, https:\/\/2017.ostravskamuzejninoc.cz\/wp-content\/uploads\/2017\/05\/jizdni_rady-2-768x1082.jpg 768w, https:\/\/2017.ostravskamuzejninoc.cz\/wp-content\/uploads\/2017\/05\/jizdni_rady-2-184x259.jpg 184w, https:\/\/2017.ostravskamuzejninoc.cz\/wp-content\/uploads\/2017\/05\/jizdni_rady-2.jpg 800w\" sizes=\"(max-width: 420px) 100vw, 420px\" \/><\/a>\n\t\t\t<\/div><\/figure><figure class='gallery-item'>\n\t\t\t<div class='gallery-icon landscape'>\n\t\t\t\t<a href='https:\/\/2017.ostravskamuzejninoc.cz\/wp-content\/uploads\/2017\/05\/mapa2.jpg'><img width=\"420\" height=\"297\" src=\"https:\/\/2017.ostravskamuzejninoc.cz\/wp-content\/uploads\/2017\/05\/mapa2-420x297.jpg\" class=\"attachment-thumbnail size-thumbnail\" alt=\"\" loading=\"lazy\" srcset=\"https:\/\/2017.ostravskamuzejninoc.cz\/wp-content\/uploads\/2017\/05\/mapa2-420x297.jpg 420w, https:\/\/2017.ostravskamuzejninoc.cz\/wp-content\/uploads\/2017\/05\/mapa2-744x526.jpg 744w, https:\/\/2017.ostravskamuzejninoc.cz\/wp-content\/uploads\/2017\/05\/mapa2-768x543.jpg 768w, https:\/\/2017.ostravskamuzejninoc.cz\/wp-content\/uploads\/2017\/05\/mapa2-184x130.jpg 184w, https:\/\/2017.ostravskamuzejninoc.cz\/wp-content\/uploads\/2017\/05\/mapa2.jpg 1000w\" sizes=\"(max-width: 420px) 100vw, 420px\" \/><\/a>\n\t\t\t<\/div><\/figure><figure class='gallery-item'>\n\t\t\t<div class='gallery-icon landscape'>\n\t\t\t\t<a href='https:\/\/2017.ostravskamuzejninoc.cz\/wp-content\/uploads\/2017\/05\/mapa1.jpg'><img width=\"420\" height=\"297\" src=\"https:\/\/2017.ostravskamuzejninoc.cz\/wp-content\/uploads\/2017\/05\/mapa1-420x297.jpg\" class=\"attachment-thumbnail size-thumbnail\" alt=\"\" loading=\"lazy\" srcset=\"https:\/\/2017.ostravskamuzejninoc.cz\/wp-content\/uploads\/2017\/05\/mapa1-420x297.jpg 420w, https:\/\/2017.ostravskamuzejninoc.cz\/wp-content\/uploads\/2017\/05\/mapa1-744x526.jpg 744w, https:\/\/2017.ostravskamuzejninoc.cz\/wp-content\/uploads\/2017\/05\/mapa1-768x543.jpg 768w, https:\/\/2017.ostravskamuzejninoc.cz\/wp-content\/uploads\/2017\/05\/mapa1-184x130.jpg 184w, https:\/\/2017.ostravskamuzejninoc.cz\/wp-content\/uploads\/2017\/05\/mapa1.jpg 1000w\" sizes=\"(max-width: 420px) 100vw, 420px\" \/><\/a>\n\t\t\t<\/div><\/figure>\n\t\t<\/div>\n\n<p>&nbsp;<\/p>\n<p>&nbsp;<\/p>","protected":false},"excerpt":{"rendered":"<p>Doprava &nbsp; Pro Ostravskou muzejn\u00ed noc vyprav\u00ed Dopravn\u00ed podnik Ostrava &hellip;<\/p>\n","protected":false},"author":1,"featured_media":0,"parent":0,"menu_order":0,"comment_status":"closed","ping_status":"closed","template":"","meta":[],"_links":{"self":[{"href":"https:\/\/2017.ostravskamuzejninoc.cz\/cs\/wp-json\/wp\/v2\/pages\/804"}],"collection":[{"href":"https:\/\/2017.ostravskamuzejninoc.cz\/cs\/wp-json\/wp\/v2\/pages"}],"about":[{"href":"https:\/\/2017.ostravskamuzejninoc.cz\/cs\/wp-json\/wp\/v2\/types\/page"}],"author":[{"embeddable":true,"href":"https:\/\/2017.ostravskamuzejninoc.cz\/cs\/wp-json\/wp\/v2\/users\/1"}],"replies":[{"embeddable":true,"href":"https:\/\/2017.ostravskamuzejninoc.cz\/cs\/wp-json\/wp\/v2\/comments?post=804"}],"version-history":[{"count":12,"href":"https:\/\/2017.ostravskamuzejninoc.cz\/cs\/wp-json\/wp\/v2\/pages\/804\/revisions"}],"predecessor-version":[{"id":898,"href":"https:\/\/2017.ostravskamuzejninoc.cz\/cs\/wp-json\/wp\/v2\/pages\/804\/revisions\/898"}],"wp:attachment":[{"href":"https:\/\/2017.ostravskamuzejninoc.cz\/cs\/wp-json\/wp\/v2\/media?parent=804"}],"curies":[{"name":"wp","href":"https:\/\/api.w.org\/{rel}","templated":true}]}}