{"id":837,"date":"2017-05-26T14:40:15","date_gmt":"2017-05-26T12:40:15","guid":{"rendered":"http:\/\/ostravskamuzejninoc.cz\/subdom\/2017\/?page_id=837"},"modified":"2017-06-12T11:37:12","modified_gmt":"2017-06-12T09:37:12","slug":"media","status":"publish","type":"page","link":"https:\/\/2017.ostravskamuzejninoc.cz\/cs\/media\/","title":{"rendered":"M\u00e9dia"},"content":{"rendered":"<p><\/p>\n<h4><a href=\"https:\/\/2017.ostravskamuzejninoc.cz\/wp-content\/uploads\/2017\/05\/2017omn_brochure_A6_web2.pdf\">Bro\u017eura ke sta\u017een\u00ed ve form\u00e1tu PDF<\/a><\/h4>\n<p>&nbsp;<\/p>\n<p>Tiskov\u00e1 zpr\u00e1va ze dne 11. \u010dervna 2017<\/p>\n<p>&nbsp;<\/p>\n<p><strong>OSTRAVSKA MUZEJN\u00cd NOC P\u0158IVEDLA DESETITIS\u00cdCE LID\u00cd ZA KULTUROU<\/strong><\/p>\n<p><strong>Dev\u00e1t\u00fd ro\u010dn\u00edk Ostravsk\u00e9 muzejn\u00ed noci se uskute\u010dnil v\u00a0sobotu 10. \u010dervna. I p\u0159es de\u0161tiv\u00e9 po\u010das\u00ed m\u011bsto o\u017eilo, od \u0161estn\u00e1cti hodin do p\u016flnoci se Ostravou toulaly skupinky d\u011bt\u00ed a rodi\u010d\u016f i dosp\u011bl\u00fdch. T\u00e9m\u011b\u0159 \u010dty\u0159icet ostravsk\u00fdch kulturn\u00edch st\u00e1nk\u016f p\u0159ipravilo netradi\u010dn\u00ed program pro ve\u0159ejnost v\u00a0dob\u011b, kdy obvykle zav\u00edraj\u00ed. Organiz\u00e1to\u0159i eviduj\u00ed dvacet osm a p\u016fl tis\u00edce vstup\u016f. Dobr\u00e1 n\u00e1lada, sm\u00edch, balonky, frka\u010dky a pomalovan\u00e9 obli\u010deje d\u011bt\u00ed, tak m\u016f\u017eeme charakterizovat leto\u0161n\u00ed muzejn\u00ed noc v\u00a0Ostrav\u011b. <\/strong><\/p>\n<p>\u201eDev\u00e1t\u00e1 Ostravsk\u00e1 muzejn\u00ed noc byla pro n\u00e1s organiz\u00e1tory zlomov\u00e1. Nejvy\u0161\u0161\u00ed po\u010det kulturn\u00edch instituc\u00ed, slavnostn\u00ed zah\u00e1jen\u00ed uprost\u0159ed de\u0161t\u011b, zru\u0161en\u00fd program a spousta jin\u00fdch kulturn\u00edch akc\u00ed v\u00a0Ostrav\u011b v jednom dni,\u201c vyjmenov\u00e1v\u00e1 koordin\u00e1torka festivalu Andrea W\u0119glarzyov\u00e1 a pokra\u010duje \u201eI p\u0159es tyto komplikace se festival vyda\u0159il. Mysl\u00edm, \u017ee si ho v\u0161ichni n\u00e1le\u017eit\u011b u\u017eili.\u201c<\/p>\n<p>Ostravskou muzejn\u00ed noc letos odstartovalo v \u0161est hodin za pr\u016ftr\u017ee mra\u010den hromadn\u00e9 frk\u00e1n\u00ed, p\u00edsk\u00e1n\u00ed a trouben\u00ed. P\u0159ed budovou Nov\u00e9 radnice p\u0159i\u0161lo festival podpo\u0159it kolem p\u011bti set lid\u00ed. \u201eNejv\u00edc bylo samoz\u0159ejm\u011b d\u011bt\u00ed, ale troubili tak\u00e9 dosp\u011bl\u00ed,\u201c \u0159\u00edk\u00e1 koordin\u00e1torka Jana \u0160ruba\u0159ov\u00e1 a dod\u00e1v\u00e1 \u201eT\u011b\u0161\u00ed n\u00e1s, \u017ee i p\u0159es nep\u0159\u00edze\u0148 po\u010das\u00ed p\u0159i\u0161lo tolik lid\u00ed. Ka\u017ed\u00fd \u010dlov\u011bk, kter\u00fd se festivalu z\u00fa\u010dastn\u00ed a je spokojen\u00fd, se st\u00e1v\u00e1 na\u0161\u00edm potenci\u00e1ln\u00edm n\u00e1v\u0161t\u011bvn\u00edkem. Z t\u011bchto d\u016fvod\u016f je Festival muzejn\u00edch noc\u00ed tak moc d\u016fle\u017eit\u00fd pro v\u0161echny kulturn\u00ed instituce v\u00a0\u010cesk\u00e9 republice.\u201c<\/p>\n<p>P\u0159ed osmou hodinou se mraky protrhaly, vysvitlo slunce a lid\u00e9 za\u010dali intenzivn\u011b korzovat. Velmi netradi\u010dn\u00ed performance se z\u00fa\u010dastnili nap\u0159\u00edklad v\u00a0Galerii v\u00fdtvarn\u00e9ho um\u011bn\u00ed v Ostrav\u011b. \u201eV sedm hodin byla zah\u00e1jena kr\u00e1tkodob\u00e1 v\u00fdstava student\u016f Fakulty um\u011bn\u00ed Ostravsk\u00e9 univerzity s\u00a0n\u00e1zvem SuperCool,\u201c p\u0159id\u00e1v\u00e1 Kate\u0159ina Mertha, tiskov\u00e1 mluv\u010d\u00ed Galerie v\u00fdtvarn\u00e9ho um\u011bn\u00ed v\u00a0Ostrav\u011b, a vysv\u011btluje \u201ePrezentovan\u00e9 mlad\u00e9 um\u011blce na ni p\u0159ivezl \u0161of\u00e9r v \u010derven\u00e9m cadillacu. Na schodech Domu um\u011bn\u00ed je krom\u011b slunce v\u00edtal i \u0161pal\u00edr ma\u017eoretek jako superhv\u011bzdy.\u201c<\/p>\n<p>O mnoh\u00e9 programy byl a\u017e ne\u010dekan\u00fd z\u00e1jem, organiz\u00e1tory p\u0159ekvapila nap\u0159\u00edklad n\u00e1v\u0161t\u011bvnost workshopu na v\u00fdrobu bylinn\u00fdch m\u00fddel v\u00a0Ostravsk\u00e9m muzeu. \u201eNa jejich v\u00fdrobu se spot\u0159ebovalo t\u00e9m\u011b\u0159 dvacet kilogram\u016f m\u00fddlov\u00e9 hmoty b\u011bhem t\u0159\u00ed hodin,&#8221; uzav\u00edr\u00e1\u00a0W\u0119glarzyov\u00e1.<\/p>\n<p>Spektrum n\u00e1v\u0161t\u011bvn\u00edk\u016f Ostravsk\u00e9 muzejn\u00ed noci se od roku 2009, kdy se uskute\u010dnil prvn\u00ed ro\u010dn\u00edk, v\u00fdrazn\u011b prom\u011bnilo. \u010c\u00edm d\u00e1l \u010dast\u011bji p\u0159ich\u00e1zej\u00ed st\u0159edo\u0161kol\u00e1ci, co\u017e byla d\u0159\u00edve sp\u00ed\u0161e v\u00fdjimka. Mezi hosty letos zazn\u011bla dokonce i japon\u0161tina a p\u0159ibylo Pol\u00e1k\u016f.<\/p>\n<p>Nejvy\u0161\u0161\u00ed z\u00e1jem ve\u0159ejnosti p\u0159es t\u0159i a p\u016fl tis\u00edce n\u00e1v\u0161t\u011bvn\u00edk\u016f m\u011bl festival Cirkulum. P\u0159es dva a p\u016fl tis\u00edce vstup\u016f eviduje Galerie v\u00fdtvarn\u00e9ho um\u011bn\u00ed v\u00a0Ostrav\u011b. Dvou tis\u00edcovou hranici je\u0161t\u011b zlomilo Miniuni \u2013 Sv\u011bt miniatur. T\u011bsn\u011b pod n\u00ed z\u016fstali Ostravsk\u00e9 muzeum, Dopravn\u00ed podnik Ostrava a Slezsk\u00e1 lilie. Nulovou n\u00e1v\u0161t\u011bvnost vyk\u00e1zal Cooltour Ostrava, kde program situovan\u00fd na zahradu, kv\u016fli de\u0161tiv\u00e9mu po\u010das\u00ed nakonec zcela odvolali.<\/p>\n<p>&nbsp;<\/p>\n<p>Ostravskou muzejn\u00ed noc za\u0161t\u00edtil hejtman Moravskoslezsk\u00e9ho kraje Ivo Vondr\u00e1k a prim\u00e1tor statut\u00e1rn\u00edho m\u011bsta Ostravy Tom\u00e1\u0161 Macura. Finan\u010dn\u011b akci podpo\u0159ilo statut\u00e1rn\u00ed m\u011bsto Ostrava a Moravskoslezsk\u00fd kraj.<strong>\u00a0<\/strong><\/p>\n<p>&nbsp;<\/p>\n<p>Foto ke sta\u017een\u00ed zde:<a href=\"https:\/\/wetransfer.com\/downloads\/bd077d6d7f9c7167eb45ff38eb81343920170611115612\/c54743\">\u00a0httpsc54743:\/\/wetransfer.com\/downloads\/bd077d6d7f9c7167eb45ff38eb81343920170611115612\/<\/a><\/p>\n<p>&nbsp;<\/p>\n<p><strong>Partne\u0159i:<\/strong><\/p>\n<p>Hlavn\u00ed medi\u00e1ln\u00ed partner: \u010cesk\u00fd rozhlas Ostrava<\/p>\n<p>Partne\u0159i: Moravskoslezsk\u00fd kraj, statut\u00e1rn\u00ed m\u011bsto Ostrava, Retis group, Program, ova.net, Asociace muze\u00ed a galeri\u00ed \u010cesk\u00e9 republiky<\/p>\n<p>&nbsp;<\/p>\n<p><strong>K<\/strong><strong>ONTAKTY PRO V\u00cdCE INFORMAC\u00cd:<\/strong><\/p>\n<p><strong>Ostravsk\u00e1 muzejn\u00ed noc:<\/strong> PhDr. Jana \u0160ruba\u0159ov\u00e1, <a href=\"mailto:srubarova@gvuo.cz\">srubarova@gvuo.cz<\/a><\/p>\n<p>Bc. Andrea W\u0119glarzyov\u00e1, 777\u00a0012 808, <a href=\"mailto:andrea.weg@ostrmuz.cz\">andrea.weg@ostrmuz.cz<\/a><\/p>","protected":false},"excerpt":{"rendered":"<p>Bro\u017eura ke sta\u017een\u00ed ve form\u00e1tu PDF &nbsp; Tiskov\u00e1 zpr\u00e1va ze &hellip;<\/p>\n","protected":false},"author":1,"featured_media":0,"parent":0,"menu_order":0,"comment_status":"closed","ping_status":"closed","template":"","meta":[],"_links":{"self":[{"href":"https:\/\/2017.ostravskamuzejninoc.cz\/cs\/wp-json\/wp\/v2\/pages\/837"}],"collection":[{"href":"https:\/\/2017.ostravskamuzejninoc.cz\/cs\/wp-json\/wp\/v2\/pages"}],"about":[{"href":"https:\/\/2017.ostravskamuzejninoc.cz\/cs\/wp-json\/wp\/v2\/types\/page"}],"author":[{"embeddable":true,"href":"https:\/\/2017.ostravskamuzejninoc.cz\/cs\/wp-json\/wp\/v2\/users\/1"}],"replies":[{"embeddable":true,"href":"https:\/\/2017.ostravskamuzejninoc.cz\/cs\/wp-json\/wp\/v2\/comments?post=837"}],"version-history":[{"count":13,"href":"https:\/\/2017.ostravskamuzejninoc.cz\/cs\/wp-json\/wp\/v2\/pages\/837\/revisions"}],"predecessor-version":[{"id":979,"href":"https:\/\/2017.ostravskamuzejninoc.cz\/cs\/wp-json\/wp\/v2\/pages\/837\/revisions\/979"}],"wp:attachment":[{"href":"https:\/\/2017.ostravskamuzejninoc.cz\/cs\/wp-json\/wp\/v2\/media?parent=837"}],"curies":[{"name":"wp","href":"https:\/\/api.w.org\/{rel}","templated":true}]}}