{"id":251,"date":"2017-05-11T11:26:39","date_gmt":"2017-05-11T09:26:39","guid":{"rendered":"http:\/\/ostravskamuzejninoc.cz\/subdom\/2017\/?page_id=251"},"modified":"2017-06-10T12:33:55","modified_gmt":"2017-06-10T10:33:55","slug":"obcerstveni","status":"publish","type":"page","link":"https:\/\/2017.ostravskamuzejninoc.cz\/en\/obcerstveni\/","title":{"rendered":"Refreshments"},"content":{"rendered":"<p><\/p>\n<h4>Refreshments<\/h4>\n<p>&nbsp;<\/p>\n<p>And if you become hungry or thirsty, several places offering refreshments will be prepared for you. They have a selection of snacks, meals and drinks. And you don\u2018t even have to stray off your course \ud83d\ude09<\/p>\n<h4><\/h4>\n<h4>PANT Centre<\/h4>\n<p><strong>17.00\u201300.00 Caf\u00e9 in PANT Centre<\/strong><\/p>\n<p>A part of the PANT Centre is a caf\u00e9, a library and a bookshop focused on historical and social literature. We offer excellent coffee Laura, wide selection of refreshing fresh juices, smoothies, and lemonades but also bottled beer Bernard to sit or to take away. For snacks you can have paninis, vegan baguettes, home-made pat\u00e9s or desserts.<\/p>\n<p>Students get 15% discount!<\/p>\n<p>Centrum PANT, \u010cs. Legi\u00ed 22 Ostrava<\/p>\n<p><a href=\"mailto:petr.panek@pant.cz\">petr.panek@pant.cz<\/a>,\u00a0<a href=\"https:\/\/www.centrum-pant.eu\/\">www.centrum-pant.eu<\/a>, phone\u00a0602\u00a0764\u00a0931<\/p>\n<div id='gallery-7' class='gallery galleryid-251 gallery-columns-3 gallery-size-medium'><figure class='gallery-item'>\n\t\t\t<div class='gallery-icon landscape'>\n\t\t\t\t<a href='https:\/\/2017.ostravskamuzejninoc.cz\/wp-content\/uploads\/2017\/05\/pant1.jpg'><img width=\"667\" height=\"500\" src=\"https:\/\/2017.ostravskamuzejninoc.cz\/wp-content\/uploads\/2017\/05\/pant1.jpg\" class=\"attachment-medium size-medium\" alt=\"\" loading=\"lazy\" srcset=\"https:\/\/2017.ostravskamuzejninoc.cz\/wp-content\/uploads\/2017\/05\/pant1.jpg 667w, https:\/\/2017.ostravskamuzejninoc.cz\/wp-content\/uploads\/2017\/05\/pant1-420x315.jpg 420w, https:\/\/2017.ostravskamuzejninoc.cz\/wp-content\/uploads\/2017\/05\/pant1-184x138.jpg 184w\" sizes=\"(max-width: 667px) 100vw, 667px\" \/><\/a>\n\t\t\t<\/div><\/figure><figure class='gallery-item'>\n\t\t\t<div class='gallery-icon landscape'>\n\t\t\t\t<a href='https:\/\/2017.ostravskamuzejninoc.cz\/wp-content\/uploads\/2017\/05\/pant2.jpg'><img width=\"667\" height=\"500\" src=\"https:\/\/2017.ostravskamuzejninoc.cz\/wp-content\/uploads\/2017\/05\/pant2.jpg\" class=\"attachment-medium size-medium\" alt=\"\" loading=\"lazy\" srcset=\"https:\/\/2017.ostravskamuzejninoc.cz\/wp-content\/uploads\/2017\/05\/pant2.jpg 667w, https:\/\/2017.ostravskamuzejninoc.cz\/wp-content\/uploads\/2017\/05\/pant2-420x315.jpg 420w, https:\/\/2017.ostravskamuzejninoc.cz\/wp-content\/uploads\/2017\/05\/pant2-184x138.jpg 184w\" sizes=\"(max-width: 667px) 100vw, 667px\" \/><\/a>\n\t\t\t<\/div><\/figure>\n\t\t<\/div>\n\n<h4>Cooltour Ostrava<\/h4>\n<p><strong>17.00\u201300.00 Garden Chill<\/strong><\/p>\n<p>In Cooltour you can look forward to our popular home-made fruit lemonades, draft Svijany beer or refreshing mixed drinks such as Mojito, Cuba Libre or Aperol Spritz. If you become hungry from all the walking around all the interesting places we\u2018d love to offer some pickled cheese with vegetables, sandwiches, and other tasty snacks. We\u2018re looking forward to your visit!<\/p>\n<p>Cooltour Ostrava,\u010cern\u00e1 louka 3188, 702 00 Moravsk\u00e1 Ostrava a P\u0159\u00edvoz<\/p>\n<p><a href=\"mailto:cooltour@cooltourova.cz\">cooltour@cooltourova.cz<\/a>,\u00a0<a href=\"https:\/\/www.cooltourova.cz\">www.cooltourova.cz<\/a>, phone 552 303\u00a0020<\/p>\n<div id='gallery-8' class='gallery galleryid-251 gallery-columns-3 gallery-size-medium'><figure class='gallery-item'>\n\t\t\t<div class='gallery-icon landscape'>\n\t\t\t\t<a href='https:\/\/2017.ostravskamuzejninoc.cz\/wp-content\/uploads\/2017\/05\/Cooltour4.jpg'><img width=\"700\" height=\"461\" src=\"https:\/\/2017.ostravskamuzejninoc.cz\/wp-content\/uploads\/2017\/05\/Cooltour4.jpg\" class=\"attachment-medium size-medium\" alt=\"\" loading=\"lazy\" srcset=\"https:\/\/2017.ostravskamuzejninoc.cz\/wp-content\/uploads\/2017\/05\/Cooltour4.jpg 700w, https:\/\/2017.ostravskamuzejninoc.cz\/wp-content\/uploads\/2017\/05\/Cooltour4-420x277.jpg 420w, https:\/\/2017.ostravskamuzejninoc.cz\/wp-content\/uploads\/2017\/05\/Cooltour4-184x121.jpg 184w\" sizes=\"(max-width: 700px) 100vw, 700px\" \/><\/a>\n\t\t\t<\/div><\/figure><figure class='gallery-item'>\n\t\t\t<div class='gallery-icon landscape'>\n\t\t\t\t<a href='https:\/\/2017.ostravskamuzejninoc.cz\/wp-content\/uploads\/2017\/05\/Cooltour2.jpg'><img width=\"744\" height=\"490\" src=\"https:\/\/2017.ostravskamuzejninoc.cz\/wp-content\/uploads\/2017\/05\/Cooltour2-744x490.jpg\" class=\"attachment-medium size-medium\" alt=\"\" loading=\"lazy\" srcset=\"https:\/\/2017.ostravskamuzejninoc.cz\/wp-content\/uploads\/2017\/05\/Cooltour2-744x490.jpg 744w, https:\/\/2017.ostravskamuzejninoc.cz\/wp-content\/uploads\/2017\/05\/Cooltour2-420x277.jpg 420w, https:\/\/2017.ostravskamuzejninoc.cz\/wp-content\/uploads\/2017\/05\/Cooltour2-768x506.jpg 768w, https:\/\/2017.ostravskamuzejninoc.cz\/wp-content\/uploads\/2017\/05\/Cooltour2-184x121.jpg 184w, https:\/\/2017.ostravskamuzejninoc.cz\/wp-content\/uploads\/2017\/05\/Cooltour2.jpg 1024w\" sizes=\"(max-width: 744px) 100vw, 744px\" \/><\/a>\n\t\t\t<\/div><\/figure><figure class='gallery-item'>\n\t\t\t<div class='gallery-icon landscape'>\n\t\t\t\t<a href='https:\/\/2017.ostravskamuzejninoc.cz\/wp-content\/uploads\/2017\/05\/Cooltour1.jpg'><img width=\"700\" height=\"456\" src=\"https:\/\/2017.ostravskamuzejninoc.cz\/wp-content\/uploads\/2017\/05\/Cooltour1.jpg\" class=\"attachment-medium size-medium\" alt=\"\" loading=\"lazy\" srcset=\"https:\/\/2017.ostravskamuzejninoc.cz\/wp-content\/uploads\/2017\/05\/Cooltour1.jpg 700w, https:\/\/2017.ostravskamuzejninoc.cz\/wp-content\/uploads\/2017\/05\/Cooltour1-420x274.jpg 420w, https:\/\/2017.ostravskamuzejninoc.cz\/wp-content\/uploads\/2017\/05\/Cooltour1-184x120.jpg 184w\" sizes=\"(max-width: 700px) 100vw, 700px\" \/><\/a>\n\t\t\t<\/div><\/figure>\n\t\t<\/div>\n\n<h4>Doln\u00ed V\u00edtkovice<\/h4>\n<p><strong>18.00\u201300.00 Bolt Caf\u00e9<\/strong><\/p>\n<p>We offer coffee, tea wide selection of soft drinks, wine and distillates in the highest caf\u00e9 in Ostrava. We also offer selection of our desserts, home-made cakes and sorbets.<\/p>\n<p>Doln\u00ed V\u00edtkovice, Rusk\u00e1 2993, Ostrava-V\u00edtkovice,<br \/>\n<a href=\"mailto:nkp@vitkovice.cz\">nkp@vitkovice.cz<\/a>, <a href=\"https:\/\/www.dolnivitkovice.cz\">www.dolnivitkovice.cz<\/a>, phone 724 955\u00a0121<\/p>\n<div id='gallery-9' class='gallery galleryid-251 gallery-columns-3 gallery-size-medium'><figure class='gallery-item'>\n\t\t\t<div class='gallery-icon landscape'>\n\t\t\t\t<a href='https:\/\/2017.ostravskamuzejninoc.cz\/wp-content\/uploads\/2017\/05\/BoltCafe.png'><img width=\"640\" height=\"480\" src=\"https:\/\/2017.ostravskamuzejninoc.cz\/wp-content\/uploads\/2017\/05\/BoltCafe.png\" class=\"attachment-medium size-medium\" alt=\"\" loading=\"lazy\" srcset=\"https:\/\/2017.ostravskamuzejninoc.cz\/wp-content\/uploads\/2017\/05\/BoltCafe.png 640w, https:\/\/2017.ostravskamuzejninoc.cz\/wp-content\/uploads\/2017\/05\/BoltCafe-420x315.png 420w, https:\/\/2017.ostravskamuzejninoc.cz\/wp-content\/uploads\/2017\/05\/BoltCafe-184x138.png 184w\" sizes=\"(max-width: 640px) 100vw, 640px\" \/><\/a>\n\t\t\t<\/div><\/figure>\n\t\t<\/div>\n\n<h4>Gallery of Fine Arts in Ostrava,<\/h4>\n<p><strong>17.00\u201300.00 Kav\u00e1rna Art &amp; Coffee<\/strong><\/p>\n<p>The caf\u00e9 in the Gallery of Fine Arts in Ostrava is a place where great aroma and flavour of coffee unites with art.<\/p>\n<p>Refreshments for the hungry ones is ready.<\/p>\n<p>Kav\u00e1rna Art &amp; Coffee, D\u016fm um\u011bn\u00ed, Jure\u010dkova 9, Ostrava,\u00a0https:\/\/www.facebook.com\/artcoffeeostrava\/, phone\u00a0602 330 750<\/p>\n<div id='gallery-10' class='gallery galleryid-251 gallery-columns-3 gallery-size-medium'><figure class='gallery-item'>\n\t\t\t<div class='gallery-icon landscape'>\n\t\t\t\t<a href='https:\/\/2017.ostravskamuzejninoc.cz\/wp-content\/uploads\/2017\/05\/Art_and_cofee_GVUO1.jpg'><img width=\"744\" height=\"497\" src=\"https:\/\/2017.ostravskamuzejninoc.cz\/wp-content\/uploads\/2017\/05\/Art_and_cofee_GVUO1-744x497.jpg\" class=\"attachment-medium size-medium\" alt=\"\" loading=\"lazy\" srcset=\"https:\/\/2017.ostravskamuzejninoc.cz\/wp-content\/uploads\/2017\/05\/Art_and_cofee_GVUO1-744x497.jpg 744w, https:\/\/2017.ostravskamuzejninoc.cz\/wp-content\/uploads\/2017\/05\/Art_and_cofee_GVUO1-420x280.jpg 420w, https:\/\/2017.ostravskamuzejninoc.cz\/wp-content\/uploads\/2017\/05\/Art_and_cofee_GVUO1-768x513.jpg 768w, https:\/\/2017.ostravskamuzejninoc.cz\/wp-content\/uploads\/2017\/05\/Art_and_cofee_GVUO1-1200x801.jpg 1200w, https:\/\/2017.ostravskamuzejninoc.cz\/wp-content\/uploads\/2017\/05\/Art_and_cofee_GVUO1-184x123.jpg 184w, https:\/\/2017.ostravskamuzejninoc.cz\/wp-content\/uploads\/2017\/05\/Art_and_cofee_GVUO1.jpg 1798w\" sizes=\"(max-width: 744px) 100vw, 744px\" \/><\/a>\n\t\t\t<\/div><\/figure><figure class='gallery-item'>\n\t\t\t<div class='gallery-icon landscape'>\n\t\t\t\t<a href='https:\/\/2017.ostravskamuzejninoc.cz\/wp-content\/uploads\/2017\/05\/Art_and_cofee_GVUO4.jpg'><img width=\"744\" height=\"495\" src=\"https:\/\/2017.ostravskamuzejninoc.cz\/wp-content\/uploads\/2017\/05\/Art_and_cofee_GVUO4-744x495.jpg\" class=\"attachment-medium size-medium\" alt=\"\" loading=\"lazy\" srcset=\"https:\/\/2017.ostravskamuzejninoc.cz\/wp-content\/uploads\/2017\/05\/Art_and_cofee_GVUO4-744x495.jpg 744w, https:\/\/2017.ostravskamuzejninoc.cz\/wp-content\/uploads\/2017\/05\/Art_and_cofee_GVUO4-420x279.jpg 420w, https:\/\/2017.ostravskamuzejninoc.cz\/wp-content\/uploads\/2017\/05\/Art_and_cofee_GVUO4-768x511.jpg 768w, https:\/\/2017.ostravskamuzejninoc.cz\/wp-content\/uploads\/2017\/05\/Art_and_cofee_GVUO4-1200x798.jpg 1200w, https:\/\/2017.ostravskamuzejninoc.cz\/wp-content\/uploads\/2017\/05\/Art_and_cofee_GVUO4-184x122.jpg 184w\" sizes=\"(max-width: 744px) 100vw, 744px\" \/><\/a>\n\t\t\t<\/div><\/figure><figure class='gallery-item'>\n\t\t\t<div class='gallery-icon landscape'>\n\t\t\t\t<a href='https:\/\/2017.ostravskamuzejninoc.cz\/wp-content\/uploads\/2017\/05\/Art_and_cofee_GVUO5.jpg'><img width=\"744\" height=\"497\" src=\"https:\/\/2017.ostravskamuzejninoc.cz\/wp-content\/uploads\/2017\/05\/Art_and_cofee_GVUO5-744x497.jpg\" class=\"attachment-medium size-medium\" alt=\"\" loading=\"lazy\" srcset=\"https:\/\/2017.ostravskamuzejninoc.cz\/wp-content\/uploads\/2017\/05\/Art_and_cofee_GVUO5-744x497.jpg 744w, https:\/\/2017.ostravskamuzejninoc.cz\/wp-content\/uploads\/2017\/05\/Art_and_cofee_GVUO5-420x280.jpg 420w, https:\/\/2017.ostravskamuzejninoc.cz\/wp-content\/uploads\/2017\/05\/Art_and_cofee_GVUO5-768x513.jpg 768w, https:\/\/2017.ostravskamuzejninoc.cz\/wp-content\/uploads\/2017\/05\/Art_and_cofee_GVUO5-1200x801.jpg 1200w, https:\/\/2017.ostravskamuzejninoc.cz\/wp-content\/uploads\/2017\/05\/Art_and_cofee_GVUO5-184x123.jpg 184w, https:\/\/2017.ostravskamuzejninoc.cz\/wp-content\/uploads\/2017\/05\/Art_and_cofee_GVUO5.jpg 1798w\" sizes=\"(max-width: 744px) 100vw, 744px\" \/><\/a>\n\t\t\t<\/div><\/figure><figure class='gallery-item'>\n\t\t\t<div class='gallery-icon landscape'>\n\t\t\t\t<a href='https:\/\/2017.ostravskamuzejninoc.cz\/wp-content\/uploads\/2017\/05\/Art_and_cofee_GVUO6.jpg'><img width=\"744\" height=\"497\" src=\"https:\/\/2017.ostravskamuzejninoc.cz\/wp-content\/uploads\/2017\/05\/Art_and_cofee_GVUO6-744x497.jpg\" class=\"attachment-medium size-medium\" alt=\"\" loading=\"lazy\" srcset=\"https:\/\/2017.ostravskamuzejninoc.cz\/wp-content\/uploads\/2017\/05\/Art_and_cofee_GVUO6-744x497.jpg 744w, https:\/\/2017.ostravskamuzejninoc.cz\/wp-content\/uploads\/2017\/05\/Art_and_cofee_GVUO6-420x280.jpg 420w, https:\/\/2017.ostravskamuzejninoc.cz\/wp-content\/uploads\/2017\/05\/Art_and_cofee_GVUO6-768x513.jpg 768w, https:\/\/2017.ostravskamuzejninoc.cz\/wp-content\/uploads\/2017\/05\/Art_and_cofee_GVUO6-1200x801.jpg 1200w, https:\/\/2017.ostravskamuzejninoc.cz\/wp-content\/uploads\/2017\/05\/Art_and_cofee_GVUO6-184x123.jpg 184w, https:\/\/2017.ostravskamuzejninoc.cz\/wp-content\/uploads\/2017\/05\/Art_and_cofee_GVUO6.jpg 1797w\" sizes=\"(max-width: 744px) 100vw, 744px\" \/><\/a>\n\t\t\t<\/div><\/figure><figure class='gallery-item'>\n\t\t\t<div class='gallery-icon landscape'>\n\t\t\t\t<a href='https:\/\/2017.ostravskamuzejninoc.cz\/wp-content\/uploads\/2017\/05\/Art_and_cofee_GVUO7.jpg'><img width=\"744\" height=\"495\" src=\"https:\/\/2017.ostravskamuzejninoc.cz\/wp-content\/uploads\/2017\/05\/Art_and_cofee_GVUO7-744x495.jpg\" class=\"attachment-medium size-medium\" alt=\"\" loading=\"lazy\" srcset=\"https:\/\/2017.ostravskamuzejninoc.cz\/wp-content\/uploads\/2017\/05\/Art_and_cofee_GVUO7-744x495.jpg 744w, https:\/\/2017.ostravskamuzejninoc.cz\/wp-content\/uploads\/2017\/05\/Art_and_cofee_GVUO7-420x279.jpg 420w, https:\/\/2017.ostravskamuzejninoc.cz\/wp-content\/uploads\/2017\/05\/Art_and_cofee_GVUO7-768x511.jpg 768w, https:\/\/2017.ostravskamuzejninoc.cz\/wp-content\/uploads\/2017\/05\/Art_and_cofee_GVUO7-1200x798.jpg 1200w, https:\/\/2017.ostravskamuzejninoc.cz\/wp-content\/uploads\/2017\/05\/Art_and_cofee_GVUO7-184x122.jpg 184w\" sizes=\"(max-width: 744px) 100vw, 744px\" \/><\/a>\n\t\t\t<\/div><\/figure><figure class='gallery-item'>\n\t\t\t<div class='gallery-icon landscape'>\n\t\t\t\t<a href='https:\/\/2017.ostravskamuzejninoc.cz\/wp-content\/uploads\/2017\/05\/Art_and_cofee_GVUO8.jpg'><img width=\"744\" height=\"496\" src=\"https:\/\/2017.ostravskamuzejninoc.cz\/wp-content\/uploads\/2017\/05\/Art_and_cofee_GVUO8-744x496.jpg\" class=\"attachment-medium size-medium\" alt=\"\" loading=\"lazy\" srcset=\"https:\/\/2017.ostravskamuzejninoc.cz\/wp-content\/uploads\/2017\/05\/Art_and_cofee_GVUO8-744x496.jpg 744w, https:\/\/2017.ostravskamuzejninoc.cz\/wp-content\/uploads\/2017\/05\/Art_and_cofee_GVUO8-420x280.jpg 420w, https:\/\/2017.ostravskamuzejninoc.cz\/wp-content\/uploads\/2017\/05\/Art_and_cofee_GVUO8-768x512.jpg 768w, https:\/\/2017.ostravskamuzejninoc.cz\/wp-content\/uploads\/2017\/05\/Art_and_cofee_GVUO8-1200x800.jpg 1200w, https:\/\/2017.ostravskamuzejninoc.cz\/wp-content\/uploads\/2017\/05\/Art_and_cofee_GVUO8-184x123.jpg 184w, https:\/\/2017.ostravskamuzejninoc.cz\/wp-content\/uploads\/2017\/05\/Art_and_cofee_GVUO8.jpg 2048w\" sizes=\"(max-width: 744px) 100vw, 744px\" \/><\/a>\n\t\t\t<\/div><\/figure>\n\t\t<\/div>\n\n<h4>The Museum of Fire-fighting Ostrava<\/h4>\n<p><strong>16.00\u201300.00 Snacks at the fire-fighters<\/strong><\/p>\n<p>Beer, sausages, deep-fried cheese, crisps, and lemonade for kids&#8230;<\/p>\n<p>Hasi\u010dsk\u00e9 muzeum m\u011bsta Ostravy, Z\u00e1krejsova 3\/53, 702 00 Ostrava<\/p>\n<p><a href=\"mailto:muzeum@hzsmsk.cz\">muzeum@hzsmsk.cz<\/a>, <a href=\"https:\/\/muzeum.hzsmsk.cz\">https:\/\/muzeum.hzsmsk.cz<\/a>, phone 596\u00a0136\u00a0841<\/p>\n<h4>INDUSTRIAL Gallery<\/h4>\n<p><strong>18.00\u201300.00 INDUSTRIAL Cafe<\/strong><\/p>\n<p>INDUSTRIAL Cafe has prepared a special offer for you just for the Ostrava Museum Night. In the First Czechoslovak Republic interior you are invited to taste delicious coffee, fair homemade cakes and desserts or other snacks. We\u2018d love to invite you to a romantic garden under a linden tree, which is placed inside of the object.<\/p>\n<h4>INDUSTRIAL Cafe<\/h4>\n<p>booking phone: +420 596 112 945<\/p>\n<p>e-mail: info@industrialcafe.cz<\/p>\n<p>www.industrialcafe.cz<\/p>\n<p><a href=\"https:\/\/www.facebook.com\/IndustrialCafe\">https:\/\/www.facebook.com\/IndustrialCafe<\/a><\/p>\n<h4>Caf\u00e9 and Club Atlantik<\/h4>\n<p><strong><a href=\"tel:16.00%20-%2024.00\">16.00\u201300.00<\/a>\u00a0A grill garden party with a pianist (Garden of the Club Atlantik)<\/strong><\/p>\n<p>Cheese, bangers, sausages, courgettes, bell peppers and other grilled stuff directly to you table. Have some ice-cold beer and wine from the local wine shops to complement it. A cup of delicious coffee to sit or to take away to top it all off.<\/p>\n<p>Klub Atlantik, \u010ceskoslovensk\u00fdch legi\u00ed 7, Ostrava<\/p>\n<p><a href=\"mailto:atlantik@ckv-ostrava.cz\">atlantik@ckv-ostrava.cz<\/a>, <a href=\"https:\/\/www.klubatlantik.cz\">www.klubatlantik.cz<\/a>, phone 599 527\u00a0110<\/p>\n<h4>Minikino Caf\u00e9<\/h4>\n<p><strong>17.00\u201300.00<\/strong><\/p>\n<p>Taste the beer from the local breweries Kon\u00ed\u010dek from Vojkovice and Beskydsk\u00fd Pivov\u00e1rek in Ostravice or maybe you might prefer our selection coffee La Boh\u00e9me, icy mojito, paninis, desserts or something else?<\/p>\n<p>Minikino Kav\u00e1rna, Kosteln\u00ed 3, Ostrava<\/p>\n<p><a href=\"mailto:minikino@atlas.cz\">minikino@atlas.cz<\/a>, <a href=\"https:\/\/www.minikino.cz\">www.minikino.cz<\/a>, phone 604 777\u00a0537<\/p>\n<div id='gallery-11' class='gallery galleryid-251 gallery-columns-3 gallery-size-medium'><figure class='gallery-item'>\n\t\t\t<div class='gallery-icon landscape'>\n\t\t\t\t<a href='https:\/\/2017.ostravskamuzejninoc.cz\/wp-content\/uploads\/2017\/05\/minikino1.jpg'><img width=\"744\" height=\"558\" src=\"https:\/\/2017.ostravskamuzejninoc.cz\/wp-content\/uploads\/2017\/05\/minikino1-744x558.jpg\" class=\"attachment-medium size-medium\" alt=\"\" loading=\"lazy\" srcset=\"https:\/\/2017.ostravskamuzejninoc.cz\/wp-content\/uploads\/2017\/05\/minikino1-744x558.jpg 744w, https:\/\/2017.ostravskamuzejninoc.cz\/wp-content\/uploads\/2017\/05\/minikino1-420x315.jpg 420w, https:\/\/2017.ostravskamuzejninoc.cz\/wp-content\/uploads\/2017\/05\/minikino1-768x576.jpg 768w, https:\/\/2017.ostravskamuzejninoc.cz\/wp-content\/uploads\/2017\/05\/minikino1-1200x900.jpg 1200w, https:\/\/2017.ostravskamuzejninoc.cz\/wp-content\/uploads\/2017\/05\/minikino1-184x138.jpg 184w, https:\/\/2017.ostravskamuzejninoc.cz\/wp-content\/uploads\/2017\/05\/minikino1.jpg 2048w\" sizes=\"(max-width: 744px) 100vw, 744px\" \/><\/a>\n\t\t\t<\/div><\/figure>\n\t\t<\/div>\n\n<h4>Museum of Ostrava<\/h4>\n<p>17.00\u201323.00 Czech-Japanese cultural centre<\/p>\n<p>The centre was founded in 2016 with the aim to present the richness of the Japanese culture to wider public, to group those interested in this culture, organise cultural events with Japanese themes, workshops, seminars and courses for public and present Japanese martial arts and much more. The centre offers a wide range of topic so that everyone could choose the area that they are interested the most.<\/p>\n<p>Come and have a cup of tea or coffee in the Heiwa caf\u00e9, to the zen garden or to taste sak\u00e9 or Japanese beers. Delicious mango, lychee, coconut and pomegranate-flavoured nectars are prepared for your kids. You and your children can try to fold the traditional Japanese origami.<\/p>\n<p>Czech-Japanese Cultural Centre<\/p>\n<p>Masarykovo n\u00e1m\u011bst\u00ed 1, Moravsk\u00e1 Ostrava<\/p>\n<p><a href=\"mailto:info@japanova.cz\">info@japanova.cz<\/a><\/p>\n<p><a href=\"https:\/\/www.japanova.cz\/\">www.japanova.cz<\/a><\/p>\n<p>phone 603\u00a0396 936, 605\u00a0578\u00a0017<\/p>\n<h4>PLATO Ostrava, contributory organisation<\/h4>\n<p><strong>17.00\u201323.00 Double refreshments!<\/strong><\/p>\n<p><strong>Extra herbal drinks \/ first night of our design cart in PLATO!<\/strong><\/p>\n<p>Energize your body and senses by well-balanced combinations of herbs and delicious liqueurs and syrups during the night. Silesian herb shop in cooperation with the sculptor \u0160\u00e1rka Mikeskov\u00e1 has prepared a tea-herb-drink bar-cart on the move!<\/p>\n<p>Silesian herb shop, www.slezskebylinarstvi.cz<\/p>\n<h4>Wine shop U Kusaly \/ PLATO\u2019s neighbour<\/h4>\n<p>Prolonged opening hours of a well-known Ostrava wine cellar!<\/p>\n<p>Wine shop U Kusaly, www.ukusaly.cz<\/p>\n<p>PLATO Ostrava, Kancel\u00e1\u0159 pro um\u011bn\u00ed, \u010ceskobratrsk\u00e1 1888\/14, Ostrava<\/p>\n<p>info@plato-ostrava.cz, www.plato-ostrava.cz, phone\u00a0702 206\u00a0099<\/p>\n<h4>The Town Hall of Ostrava<\/h4>\n<p><strong>17.00\u201323.00<\/strong><\/p>\n<p>Sit under the night sky with good coffee and great refreshments from a mobile caf\u00e9 Mental Caf\u00e9 and the restaurant AHOL &#8211; secondary school and Spir\u00e1la, o. p. s..<\/p>\n<p>Magistr\u00e1t m\u011bsta Ostravy, Proke\u0161ovo n\u00e1m. 8, 729 30 Ostrava<\/p>\n<p><a href=\"https:\/\/www.ostrava.cz\">www.ostrava.cz<\/a>, <a href=\"https:\/\/www.ostravainfo.cz\">www.ostravainfo.cz<\/a>, phone\u00a0596\u00a0281\u00a0111, 599\u00a0443\u00a0096<\/p>\n<h4>Silesian Lily<\/h4>\n<p><strong>17.00\u201323.45<\/strong><\/p>\n<p>During the festival Silesian Lily you can taste high-quality meals and drinks in the stalls of the company Maleda for the whole evening.<\/p>\n<p>Festival Slezsk\u00e1 lilie, Katedr\u00e1la Bo\u017esk\u00e9ho Spasitele na n\u00e1m\u011bst\u00ed Msgre \u0160r\u00e1mka,<\/p>\n<p><a href=\"https:\/\/www.maleda.cz\">www.maleda.cz<\/a>, <a href=\"mailto:production@colours.cz\">production@colours.cz<\/a>, phone\u00a0608 972\u00a0908<\/p>\n<h4>Gallery of Silesian Ostrava<\/h4>\n<p><strong>17.00\u201323.45 Mental Caf\u00e9<\/strong><\/p>\n<p>Refreshments served by the coffee house with an untraditional staff.<\/p>\n<p>Slezskoostravsk\u00e1 <em>g<\/em>alerie, T\u011b\u0161\u00ednsk\u00e1 35, Ostrava-Slezsk\u00e1 Ostrava<\/p>\n<p><a href=\"https:\/\/www.slezskoostavskagalerie.cz\">www.slezskoostavskagalerie.cz<\/a>, vvahalikova@slezska.cz, phone\u00a0599\u00a0410\u00a0426, 725\u00a0716 900<\/p>\n<p>Facebook: Slezskoostravsk\u00e1 galerie<\/p>\n<div id='gallery-12' class='gallery galleryid-251 gallery-columns-3 gallery-size-medium'><figure class='gallery-item'>\n\t\t\t<div class='gallery-icon landscape'>\n\t\t\t\t<a href='https:\/\/2017.ostravskamuzejninoc.cz\/wp-content\/uploads\/2017\/05\/slezka_galerie_obcerstveni.jpg'><img width=\"744\" height=\"494\" src=\"https:\/\/2017.ostravskamuzejninoc.cz\/wp-content\/uploads\/2017\/05\/slezka_galerie_obcerstveni-744x494.jpg\" class=\"attachment-medium size-medium\" alt=\"\" loading=\"lazy\" srcset=\"https:\/\/2017.ostravskamuzejninoc.cz\/wp-content\/uploads\/2017\/05\/slezka_galerie_obcerstveni-744x494.jpg 744w, https:\/\/2017.ostravskamuzejninoc.cz\/wp-content\/uploads\/2017\/05\/slezka_galerie_obcerstveni-420x279.jpg 420w, https:\/\/2017.ostravskamuzejninoc.cz\/wp-content\/uploads\/2017\/05\/slezka_galerie_obcerstveni-768x510.jpg 768w, https:\/\/2017.ostravskamuzejninoc.cz\/wp-content\/uploads\/2017\/05\/slezka_galerie_obcerstveni-1200x797.jpg 1200w, https:\/\/2017.ostravskamuzejninoc.cz\/wp-content\/uploads\/2017\/05\/slezka_galerie_obcerstveni-184x122.jpg 184w\" sizes=\"(max-width: 744px) 100vw, 744px\" \/><\/a>\n\t\t\t<\/div><\/figure>\n\t\t<\/div>\n\n<h4>17.00\u201302.00\u00a0Star\u00e1 ar\u00e9na \/ Old arena<\/h4>\n<p>The caf\u00e9 on the first floor invites you to a pleasant moment with a view of the whole square. From eleven to two o&#8217;clock you can taste a lovely cappuccino with a home-made cake for a special price. Anytime during the night feel free to come and get a great coffee Doubleshot, home-made desserts or some of our non-alcoholic lemonades. Every evening we change to a bar and you can come and sit with a beer in your hand or with some of our cocktails. We\u2019re looking forward to seeing you!<\/p>\n<p>Star\u00e1 ar\u00e9na, 28. \u0159\u00edjna 23, Ostrava<\/p>\n<p><a href=\"mailto:program@staraarena.cz\">program@staraarena.cz<\/a>, <a href=\"https:\/\/www.staraarena.cz\">www.staraarena.cz<\/a>, phone\u00a0775 656\u00a0056<\/p>\n<h4>Secondary Art School, Ostrava<\/h4>\n<p><strong>17.00\u201322.00<\/strong><\/p>\n<p>A garden party with sausage grilling and small snacks.<\/p>\n<p>Zahrada a p\u0159ilehl\u00e9 prostory St\u0159edn\u00ed um\u011bleck\u00e9 \u0161koly, Ostrava, Pod\u011bbradova 33<\/p>\n<p><a href=\"mailto:studijni@sus-ostrava.cz\">studijni@sus-ostrava.cz<\/a>, <a href=\"https:\/\/www.sus-ostrava.cz\/\">www.sus-ostrava.cz<\/a>, phone\u00a0596 114\u00a0985<\/p>","protected":false},"excerpt":{"rendered":"<p>Refreshments &nbsp; And if you become hungry or thirsty, several &hellip;<\/p>\n","protected":false},"author":1,"featured_media":0,"parent":0,"menu_order":0,"comment_status":"closed","ping_status":"closed","template":"","meta":[],"_links":{"self":[{"href":"https:\/\/2017.ostravskamuzejninoc.cz\/en\/wp-json\/wp\/v2\/pages\/251"}],"collection":[{"href":"https:\/\/2017.ostravskamuzejninoc.cz\/en\/wp-json\/wp\/v2\/pages"}],"about":[{"href":"https:\/\/2017.ostravskamuzejninoc.cz\/en\/wp-json\/wp\/v2\/types\/page"}],"author":[{"embeddable":true,"href":"https:\/\/2017.ostravskamuzejninoc.cz\/en\/wp-json\/wp\/v2\/users\/1"}],"replies":[{"embeddable":true,"href":"https:\/\/2017.ostravskamuzejninoc.cz\/en\/wp-json\/wp\/v2\/comments?post=251"}],"version-history":[{"count":26,"href":"https:\/\/2017.ostravskamuzejninoc.cz\/en\/wp-json\/wp\/v2\/pages\/251\/revisions"}],"predecessor-version":[{"id":974,"href":"https:\/\/2017.ostravskamuzejninoc.cz\/en\/wp-json\/wp\/v2\/pages\/251\/revisions\/974"}],"wp:attachment":[{"href":"https:\/\/2017.ostravskamuzejninoc.cz\/en\/wp-json\/wp\/v2\/media?parent=251"}],"curies":[{"name":"wp","href":"https:\/\/api.w.org\/{rel}","templated":true}]}}