{"id":821,"date":"2017-05-26T14:10:04","date_gmt":"2017-05-26T12:10:04","guid":{"rendered":"http:\/\/ostravskamuzejninoc.cz\/subdom\/2017\/?page_id=821"},"modified":"2017-05-26T14:10:30","modified_gmt":"2017-05-26T12:10:30","slug":"kontakt","status":"publish","type":"page","link":"https:\/\/2017.ostravskamuzejninoc.cz\/en\/kontakt\/","title":{"rendered":"Contact"},"content":{"rendered":"<p><\/p>\n<h1>Contact<\/h1>\n<div class=\"entry-content\">\n<h2>PhDr. Jana \u0160ruba\u0159ov\u00e1<\/h2>\n<p>Tiskov\u00e1 mluv\u010d\u00ed a PR Galerie v\u00fdtvarn\u00e9ho um\u011bn\u00ed v Ostrav\u011b<\/p>\n<p>e-mail: <a href=\"mailto:srubarova@gvuo.cz\">srubarova@gvuo.cz<\/a><br \/>\ntel.: 731 691 563, 596 112 566<\/p>\n<h2>Bc. Andrea W\u0119glarzyov\u00e1<\/h2>\n<p>Ostravsk\u00e9 muzeum<\/p>\n<p>email: <a href=\"mailto:andrea.weg@ostrmuz.cz\">andrea.weg@ostrmuz.cz<\/a><br \/>\ntel.: 777 012 808, 597 578 468<\/p>\n<\/div>\n<p><\/p>","protected":false},"excerpt":{"rendered":"<p>Contact PhDr. Jana \u0160ruba\u0159ov\u00e1 Tiskov\u00e1 mluv\u010d\u00ed a PR Galerie v\u00fdtvarn\u00e9ho &hellip;<\/p>\n","protected":false},"author":1,"featured_media":0,"parent":0,"menu_order":0,"comment_status":"closed","ping_status":"closed","template":"","meta":[],"_links":{"self":[{"href":"https:\/\/2017.ostravskamuzejninoc.cz\/en\/wp-json\/wp\/v2\/pages\/821"}],"collection":[{"href":"https:\/\/2017.ostravskamuzejninoc.cz\/en\/wp-json\/wp\/v2\/pages"}],"about":[{"href":"https:\/\/2017.ostravskamuzejninoc.cz\/en\/wp-json\/wp\/v2\/types\/page"}],"author":[{"embeddable":true,"href":"https:\/\/2017.ostravskamuzejninoc.cz\/en\/wp-json\/wp\/v2\/users\/1"}],"replies":[{"embeddable":true,"href":"https:\/\/2017.ostravskamuzejninoc.cz\/en\/wp-json\/wp\/v2\/comments?post=821"}],"version-history":[{"count":2,"href":"https:\/\/2017.ostravskamuzejninoc.cz\/en\/wp-json\/wp\/v2\/pages\/821\/revisions"}],"predecessor-version":[{"id":823,"href":"https:\/\/2017.ostravskamuzejninoc.cz\/en\/wp-json\/wp\/v2\/pages\/821\/revisions\/823"}],"wp:attachment":[{"href":"https:\/\/2017.ostravskamuzejninoc.cz\/en\/wp-json\/wp\/v2\/media?parent=821"}],"curies":[{"name":"wp","href":"https:\/\/api.w.org\/{rel}","templated":true}]}}