{"id":251,"date":"2017-05-11T11:26:39","date_gmt":"2017-05-11T09:26:39","guid":{"rendered":"http:\/\/ostravskamuzejninoc.cz\/subdom\/2017\/?page_id=251"},"modified":"2017-06-10T12:33:55","modified_gmt":"2017-06-10T10:33:55","slug":"obcerstveni","status":"publish","type":"page","link":"https:\/\/2017.ostravskamuzejninoc.cz\/pl\/obcerstveni\/","title":{"rendered":"Jedzenie i picie"},"content":{"rendered":"<p><\/p>\n<h4>Przek\u0105ski, czyli co\u015b na z\u0105b<\/h4>\n<p>&nbsp;<\/p>\n<p>W wypadku kiedy poczujecie Pa\u0144stwo g\u0142\u00f3d lub pragnienie, to mamy przygotowanych dla Was par\u0119 miejsc z \u201eczym\u015b na z\u0105b\u201d, kt\u00f3re zaoferuj\u0105 co\u015b do zjedzenia lub na wzmocnienie. Przy tym wcale nie musicie Pa\u0144stwo zboczy\u0107 z wytyczonej trasy \ud83d\ude09<\/p>\n<h4><\/h4>\n<h4>Centrum PANT<\/h4>\n<p><strong>17.00\u201324.00 Kawiarnia w Centrum PANT<\/strong><\/p>\n<p>Cz\u0119\u015bci\u0105 Centrum PANT jest przyjemna kawiarnia, biblioteka oraz ksi\u0119garnia wyspecjalizowana w literaturze historycznej i spo\u0142ecznej. Proponujemy Pa\u0144stwu wyborn\u0105 kaw\u0119 Laura tak na miejscu, jak i nas wynos, szerok\u0105 ofert\u0119 orze\u017awiaj\u0105cych napoj\u00f3w Fresh, Smoothies, domowych sok\u00f3w czy lemoniad, a tak\u017ce butelkowanego piwa Bernard. Na z\u0105b polecamy panini, wega\u0144skie bagietki, domowe pasztety czy ciastka.<\/p>\n<p>Studentom dajemy upust 15% !!<\/p>\n<p>Centrum PANT, \u010cs. Legi\u00ed 22 Ostrava<\/p>\n<p><a href=\"mailto:petr.panek@pant.cz\">petr.panek@pant.cz<\/a>,\u00a0<a href=\"https:\/\/www.centrum-pant.eu\/\">www.centrum-pant.eu<\/a>, tel. 602\u00a0764\u00a0931<\/p>\n<div id='gallery-13' class='gallery galleryid-251 gallery-columns-3 gallery-size-medium'><figure class='gallery-item'>\n\t\t\t<div class='gallery-icon landscape'>\n\t\t\t\t<a href='https:\/\/2017.ostravskamuzejninoc.cz\/wp-content\/uploads\/2017\/05\/pant1.jpg'><img width=\"667\" height=\"500\" src=\"https:\/\/2017.ostravskamuzejninoc.cz\/wp-content\/uploads\/2017\/05\/pant1.jpg\" class=\"attachment-medium size-medium\" alt=\"\" loading=\"lazy\" srcset=\"https:\/\/2017.ostravskamuzejninoc.cz\/wp-content\/uploads\/2017\/05\/pant1.jpg 667w, https:\/\/2017.ostravskamuzejninoc.cz\/wp-content\/uploads\/2017\/05\/pant1-420x315.jpg 420w, https:\/\/2017.ostravskamuzejninoc.cz\/wp-content\/uploads\/2017\/05\/pant1-184x138.jpg 184w\" sizes=\"(max-width: 667px) 100vw, 667px\" \/><\/a>\n\t\t\t<\/div><\/figure><figure class='gallery-item'>\n\t\t\t<div class='gallery-icon landscape'>\n\t\t\t\t<a href='https:\/\/2017.ostravskamuzejninoc.cz\/wp-content\/uploads\/2017\/05\/pant2.jpg'><img width=\"667\" height=\"500\" src=\"https:\/\/2017.ostravskamuzejninoc.cz\/wp-content\/uploads\/2017\/05\/pant2.jpg\" class=\"attachment-medium size-medium\" alt=\"\" loading=\"lazy\" srcset=\"https:\/\/2017.ostravskamuzejninoc.cz\/wp-content\/uploads\/2017\/05\/pant2.jpg 667w, https:\/\/2017.ostravskamuzejninoc.cz\/wp-content\/uploads\/2017\/05\/pant2-420x315.jpg 420w, https:\/\/2017.ostravskamuzejninoc.cz\/wp-content\/uploads\/2017\/05\/pant2-184x138.jpg 184w\" sizes=\"(max-width: 667px) 100vw, 667px\" \/><\/a>\n\t\t\t<\/div><\/figure>\n\t\t<\/div>\n\n<h4>Cooltour Ostrava<\/h4>\n<p><strong>17.00\u201324.00 Garden Chill<\/strong><\/p>\n<p>W barze Cooltouru mog\u0105 Pa\u0144stwo skosztowa\u0107 owocowych lemoniad domowej produkcji, Svijanskiego piwa z beczki oraz orze\u017awiaj\u0105cych mieszanych drink\u00f3w, jak\u00a0 Mojito, Cuba libre czy ulubionego Aperol Spritz. A je\u015bli po zwiedzaniu interesuj\u0105cych miejsc poczujecie si\u0119 g\u0142odni, to z rado\u015bci\u0105 zaoferujemy Wam marynowany czeski camembert z warzywami, kanapki i inne smakowito\u015bci. Bardzo cieszymy si\u0119 na Pa\u0144stwa wizyt\u0119!<\/p>\n<p>Cooltour Ostrava,\u010cern\u00e1 louka 3188, 702 00 Moravsk\u00e1 Ostrava a P\u0159\u00edvoz<\/p>\n<p><a href=\"mailto:cooltour@cooltourova.cz\">cooltour@cooltourova.cz<\/a>,\u00a0<a href=\"https:\/\/www.cooltourova.cz\">www.cooltourova.cz<\/a>, tel. 552 303\u00a0020<\/p>\n<div id='gallery-14' class='gallery galleryid-251 gallery-columns-3 gallery-size-medium'><figure class='gallery-item'>\n\t\t\t<div class='gallery-icon landscape'>\n\t\t\t\t<a href='https:\/\/2017.ostravskamuzejninoc.cz\/wp-content\/uploads\/2017\/05\/Cooltour4.jpg'><img width=\"700\" height=\"461\" src=\"https:\/\/2017.ostravskamuzejninoc.cz\/wp-content\/uploads\/2017\/05\/Cooltour4.jpg\" class=\"attachment-medium size-medium\" alt=\"\" loading=\"lazy\" srcset=\"https:\/\/2017.ostravskamuzejninoc.cz\/wp-content\/uploads\/2017\/05\/Cooltour4.jpg 700w, https:\/\/2017.ostravskamuzejninoc.cz\/wp-content\/uploads\/2017\/05\/Cooltour4-420x277.jpg 420w, https:\/\/2017.ostravskamuzejninoc.cz\/wp-content\/uploads\/2017\/05\/Cooltour4-184x121.jpg 184w\" sizes=\"(max-width: 700px) 100vw, 700px\" \/><\/a>\n\t\t\t<\/div><\/figure><figure class='gallery-item'>\n\t\t\t<div class='gallery-icon landscape'>\n\t\t\t\t<a href='https:\/\/2017.ostravskamuzejninoc.cz\/wp-content\/uploads\/2017\/05\/Cooltour2.jpg'><img width=\"744\" height=\"490\" src=\"https:\/\/2017.ostravskamuzejninoc.cz\/wp-content\/uploads\/2017\/05\/Cooltour2-744x490.jpg\" class=\"attachment-medium size-medium\" alt=\"\" loading=\"lazy\" srcset=\"https:\/\/2017.ostravskamuzejninoc.cz\/wp-content\/uploads\/2017\/05\/Cooltour2-744x490.jpg 744w, https:\/\/2017.ostravskamuzejninoc.cz\/wp-content\/uploads\/2017\/05\/Cooltour2-420x277.jpg 420w, https:\/\/2017.ostravskamuzejninoc.cz\/wp-content\/uploads\/2017\/05\/Cooltour2-768x506.jpg 768w, https:\/\/2017.ostravskamuzejninoc.cz\/wp-content\/uploads\/2017\/05\/Cooltour2-184x121.jpg 184w, https:\/\/2017.ostravskamuzejninoc.cz\/wp-content\/uploads\/2017\/05\/Cooltour2.jpg 1024w\" sizes=\"(max-width: 744px) 100vw, 744px\" \/><\/a>\n\t\t\t<\/div><\/figure><figure class='gallery-item'>\n\t\t\t<div class='gallery-icon landscape'>\n\t\t\t\t<a href='https:\/\/2017.ostravskamuzejninoc.cz\/wp-content\/uploads\/2017\/05\/Cooltour1.jpg'><img width=\"700\" height=\"456\" src=\"https:\/\/2017.ostravskamuzejninoc.cz\/wp-content\/uploads\/2017\/05\/Cooltour1.jpg\" class=\"attachment-medium size-medium\" alt=\"\" loading=\"lazy\" srcset=\"https:\/\/2017.ostravskamuzejninoc.cz\/wp-content\/uploads\/2017\/05\/Cooltour1.jpg 700w, https:\/\/2017.ostravskamuzejninoc.cz\/wp-content\/uploads\/2017\/05\/Cooltour1-420x274.jpg 420w, https:\/\/2017.ostravskamuzejninoc.cz\/wp-content\/uploads\/2017\/05\/Cooltour1-184x120.jpg 184w\" sizes=\"(max-width: 700px) 100vw, 700px\" \/><\/a>\n\t\t\t<\/div><\/figure>\n\t\t<\/div>\n\n<h4>Doln\u00ed V\u00edtkovice<\/h4>\n<p><strong>18.00\u201324.00 Bolt Caf\u00e9<\/strong><\/p>\n<p>W najwy\u017cej po\u0142o\u017conej kawiarni w Ostrawie oferujemy kaw\u0119, herbat\u0119, szeroki asortyment niealkoholowych napoj\u00f3w, wino i spirytualia. Nie brakuje u nas wyszukanych deser\u00f3w, domowej babki lub sorbetu.<\/p>\n<p>Doln\u00ed V\u00edtkovice, Rusk\u00e1 2993, Ostrava-V\u00edtkovice,<br \/>\n<a href=\"mailto:nkp@vitkovice.cz\">nkp@vitkovice.cz<\/a>, <a href=\"https:\/\/www.dolnivitkovice.cz\">www.dolnivitkovice.cz<\/a>, tel. 724 955\u00a0121<\/p>\n<div id='gallery-15' class='gallery galleryid-251 gallery-columns-3 gallery-size-medium'><figure class='gallery-item'>\n\t\t\t<div class='gallery-icon landscape'>\n\t\t\t\t<a href='https:\/\/2017.ostravskamuzejninoc.cz\/wp-content\/uploads\/2017\/05\/BoltCafe.png'><img width=\"640\" height=\"480\" src=\"https:\/\/2017.ostravskamuzejninoc.cz\/wp-content\/uploads\/2017\/05\/BoltCafe.png\" class=\"attachment-medium size-medium\" alt=\"\" loading=\"lazy\" srcset=\"https:\/\/2017.ostravskamuzejninoc.cz\/wp-content\/uploads\/2017\/05\/BoltCafe.png 640w, https:\/\/2017.ostravskamuzejninoc.cz\/wp-content\/uploads\/2017\/05\/BoltCafe-420x315.png 420w, https:\/\/2017.ostravskamuzejninoc.cz\/wp-content\/uploads\/2017\/05\/BoltCafe-184x138.png 184w\" sizes=\"(max-width: 640px) 100vw, 640px\" \/><\/a>\n\t\t\t<\/div><\/figure>\n\t\t<\/div>\n\n<h4>Galerie v\u00fdtvarn\u00e9ho um\u011bn\u00ed v\u00a0Ostrav\u011b<\/h4>\n<p><strong>17.00\u201324.00 Kawiarnia Art &amp; Coffee<\/strong><\/p>\n<p>W kawiarni w Galerii Sztuki w Ostrawie dochodzi do za\u015blubin wybornego smaku i zapachu kawy ze sztuk\u0105. Zapewniamy \u201eco\u015b na z\u0105b\u201d dla g\u0142odnych.<\/p>\n<p>Kav\u00e1rna Art &amp; Coffee, D\u016fm um\u011bn\u00ed, Jure\u010dkova 9, Ostrava,\u00a0https:\/\/www.facebook.com\/artcoffeeostrava\/,\u00a0 tel. 602 330 750<\/p>\n<div id='gallery-16' class='gallery galleryid-251 gallery-columns-3 gallery-size-medium'><figure class='gallery-item'>\n\t\t\t<div class='gallery-icon landscape'>\n\t\t\t\t<a href='https:\/\/2017.ostravskamuzejninoc.cz\/wp-content\/uploads\/2017\/05\/Art_and_cofee_GVUO1.jpg'><img width=\"744\" height=\"497\" src=\"https:\/\/2017.ostravskamuzejninoc.cz\/wp-content\/uploads\/2017\/05\/Art_and_cofee_GVUO1-744x497.jpg\" class=\"attachment-medium size-medium\" alt=\"\" loading=\"lazy\" srcset=\"https:\/\/2017.ostravskamuzejninoc.cz\/wp-content\/uploads\/2017\/05\/Art_and_cofee_GVUO1-744x497.jpg 744w, https:\/\/2017.ostravskamuzejninoc.cz\/wp-content\/uploads\/2017\/05\/Art_and_cofee_GVUO1-420x280.jpg 420w, https:\/\/2017.ostravskamuzejninoc.cz\/wp-content\/uploads\/2017\/05\/Art_and_cofee_GVUO1-768x513.jpg 768w, https:\/\/2017.ostravskamuzejninoc.cz\/wp-content\/uploads\/2017\/05\/Art_and_cofee_GVUO1-1200x801.jpg 1200w, https:\/\/2017.ostravskamuzejninoc.cz\/wp-content\/uploads\/2017\/05\/Art_and_cofee_GVUO1-184x123.jpg 184w, https:\/\/2017.ostravskamuzejninoc.cz\/wp-content\/uploads\/2017\/05\/Art_and_cofee_GVUO1.jpg 1798w\" sizes=\"(max-width: 744px) 100vw, 744px\" \/><\/a>\n\t\t\t<\/div><\/figure><figure class='gallery-item'>\n\t\t\t<div class='gallery-icon landscape'>\n\t\t\t\t<a href='https:\/\/2017.ostravskamuzejninoc.cz\/wp-content\/uploads\/2017\/05\/Art_and_cofee_GVUO4.jpg'><img width=\"744\" height=\"495\" src=\"https:\/\/2017.ostravskamuzejninoc.cz\/wp-content\/uploads\/2017\/05\/Art_and_cofee_GVUO4-744x495.jpg\" class=\"attachment-medium size-medium\" alt=\"\" loading=\"lazy\" srcset=\"https:\/\/2017.ostravskamuzejninoc.cz\/wp-content\/uploads\/2017\/05\/Art_and_cofee_GVUO4-744x495.jpg 744w, https:\/\/2017.ostravskamuzejninoc.cz\/wp-content\/uploads\/2017\/05\/Art_and_cofee_GVUO4-420x279.jpg 420w, https:\/\/2017.ostravskamuzejninoc.cz\/wp-content\/uploads\/2017\/05\/Art_and_cofee_GVUO4-768x511.jpg 768w, https:\/\/2017.ostravskamuzejninoc.cz\/wp-content\/uploads\/2017\/05\/Art_and_cofee_GVUO4-1200x798.jpg 1200w, https:\/\/2017.ostravskamuzejninoc.cz\/wp-content\/uploads\/2017\/05\/Art_and_cofee_GVUO4-184x122.jpg 184w\" sizes=\"(max-width: 744px) 100vw, 744px\" \/><\/a>\n\t\t\t<\/div><\/figure><figure class='gallery-item'>\n\t\t\t<div class='gallery-icon landscape'>\n\t\t\t\t<a href='https:\/\/2017.ostravskamuzejninoc.cz\/wp-content\/uploads\/2017\/05\/Art_and_cofee_GVUO5.jpg'><img width=\"744\" height=\"497\" src=\"https:\/\/2017.ostravskamuzejninoc.cz\/wp-content\/uploads\/2017\/05\/Art_and_cofee_GVUO5-744x497.jpg\" class=\"attachment-medium size-medium\" alt=\"\" loading=\"lazy\" srcset=\"https:\/\/2017.ostravskamuzejninoc.cz\/wp-content\/uploads\/2017\/05\/Art_and_cofee_GVUO5-744x497.jpg 744w, https:\/\/2017.ostravskamuzejninoc.cz\/wp-content\/uploads\/2017\/05\/Art_and_cofee_GVUO5-420x280.jpg 420w, https:\/\/2017.ostravskamuzejninoc.cz\/wp-content\/uploads\/2017\/05\/Art_and_cofee_GVUO5-768x513.jpg 768w, https:\/\/2017.ostravskamuzejninoc.cz\/wp-content\/uploads\/2017\/05\/Art_and_cofee_GVUO5-1200x801.jpg 1200w, https:\/\/2017.ostravskamuzejninoc.cz\/wp-content\/uploads\/2017\/05\/Art_and_cofee_GVUO5-184x123.jpg 184w, https:\/\/2017.ostravskamuzejninoc.cz\/wp-content\/uploads\/2017\/05\/Art_and_cofee_GVUO5.jpg 1798w\" sizes=\"(max-width: 744px) 100vw, 744px\" \/><\/a>\n\t\t\t<\/div><\/figure><figure class='gallery-item'>\n\t\t\t<div class='gallery-icon landscape'>\n\t\t\t\t<a href='https:\/\/2017.ostravskamuzejninoc.cz\/wp-content\/uploads\/2017\/05\/Art_and_cofee_GVUO6.jpg'><img width=\"744\" height=\"497\" src=\"https:\/\/2017.ostravskamuzejninoc.cz\/wp-content\/uploads\/2017\/05\/Art_and_cofee_GVUO6-744x497.jpg\" class=\"attachment-medium size-medium\" alt=\"\" loading=\"lazy\" srcset=\"https:\/\/2017.ostravskamuzejninoc.cz\/wp-content\/uploads\/2017\/05\/Art_and_cofee_GVUO6-744x497.jpg 744w, https:\/\/2017.ostravskamuzejninoc.cz\/wp-content\/uploads\/2017\/05\/Art_and_cofee_GVUO6-420x280.jpg 420w, https:\/\/2017.ostravskamuzejninoc.cz\/wp-content\/uploads\/2017\/05\/Art_and_cofee_GVUO6-768x513.jpg 768w, https:\/\/2017.ostravskamuzejninoc.cz\/wp-content\/uploads\/2017\/05\/Art_and_cofee_GVUO6-1200x801.jpg 1200w, https:\/\/2017.ostravskamuzejninoc.cz\/wp-content\/uploads\/2017\/05\/Art_and_cofee_GVUO6-184x123.jpg 184w, https:\/\/2017.ostravskamuzejninoc.cz\/wp-content\/uploads\/2017\/05\/Art_and_cofee_GVUO6.jpg 1797w\" sizes=\"(max-width: 744px) 100vw, 744px\" \/><\/a>\n\t\t\t<\/div><\/figure><figure class='gallery-item'>\n\t\t\t<div class='gallery-icon landscape'>\n\t\t\t\t<a href='https:\/\/2017.ostravskamuzejninoc.cz\/wp-content\/uploads\/2017\/05\/Art_and_cofee_GVUO7.jpg'><img width=\"744\" height=\"495\" src=\"https:\/\/2017.ostravskamuzejninoc.cz\/wp-content\/uploads\/2017\/05\/Art_and_cofee_GVUO7-744x495.jpg\" class=\"attachment-medium size-medium\" alt=\"\" loading=\"lazy\" srcset=\"https:\/\/2017.ostravskamuzejninoc.cz\/wp-content\/uploads\/2017\/05\/Art_and_cofee_GVUO7-744x495.jpg 744w, https:\/\/2017.ostravskamuzejninoc.cz\/wp-content\/uploads\/2017\/05\/Art_and_cofee_GVUO7-420x279.jpg 420w, https:\/\/2017.ostravskamuzejninoc.cz\/wp-content\/uploads\/2017\/05\/Art_and_cofee_GVUO7-768x511.jpg 768w, https:\/\/2017.ostravskamuzejninoc.cz\/wp-content\/uploads\/2017\/05\/Art_and_cofee_GVUO7-1200x798.jpg 1200w, https:\/\/2017.ostravskamuzejninoc.cz\/wp-content\/uploads\/2017\/05\/Art_and_cofee_GVUO7-184x122.jpg 184w\" sizes=\"(max-width: 744px) 100vw, 744px\" \/><\/a>\n\t\t\t<\/div><\/figure><figure class='gallery-item'>\n\t\t\t<div class='gallery-icon landscape'>\n\t\t\t\t<a href='https:\/\/2017.ostravskamuzejninoc.cz\/wp-content\/uploads\/2017\/05\/Art_and_cofee_GVUO8.jpg'><img width=\"744\" height=\"496\" src=\"https:\/\/2017.ostravskamuzejninoc.cz\/wp-content\/uploads\/2017\/05\/Art_and_cofee_GVUO8-744x496.jpg\" class=\"attachment-medium size-medium\" alt=\"\" loading=\"lazy\" srcset=\"https:\/\/2017.ostravskamuzejninoc.cz\/wp-content\/uploads\/2017\/05\/Art_and_cofee_GVUO8-744x496.jpg 744w, https:\/\/2017.ostravskamuzejninoc.cz\/wp-content\/uploads\/2017\/05\/Art_and_cofee_GVUO8-420x280.jpg 420w, https:\/\/2017.ostravskamuzejninoc.cz\/wp-content\/uploads\/2017\/05\/Art_and_cofee_GVUO8-768x512.jpg 768w, https:\/\/2017.ostravskamuzejninoc.cz\/wp-content\/uploads\/2017\/05\/Art_and_cofee_GVUO8-1200x800.jpg 1200w, https:\/\/2017.ostravskamuzejninoc.cz\/wp-content\/uploads\/2017\/05\/Art_and_cofee_GVUO8-184x123.jpg 184w, https:\/\/2017.ostravskamuzejninoc.cz\/wp-content\/uploads\/2017\/05\/Art_and_cofee_GVUO8.jpg 2048w\" sizes=\"(max-width: 744px) 100vw, 744px\" \/><\/a>\n\t\t\t<\/div><\/figure>\n\t\t<\/div>\n\n<h4>Muzeum Stra\u017cy Po\u017carnej miasta Ostrawy<\/h4>\n<p><strong>16.00\u201324.00 Przek\u0105ska u stra\u017cak\u00f3w<\/strong><\/p>\n<p>Piwo, par\u00f3wki, sma\u017cone o\u0142omunieckie serk (wianuszki), kawa, chipsy, za\u015b dla dzieci lemoniada&#8230;<\/p>\n<p>Hasi\u010dsk\u00e9 muzeum m\u011bsta Ostravy, Z\u00e1krejsova 3\/53, 702 00 Ostrava<\/p>\n<p><a href=\"mailto:muzeum@hzsmsk.cz\">muzeum@hzsmsk.cz<\/a>, <a href=\"https:\/\/muzeum.hzsmsk.cz\">https:\/\/muzeum.hzsmsk.cz<\/a>, tel. 596\u00a0136\u00a0841<\/p>\n<h4>INDUSTRIAL Gallery<\/h4>\n<p>18.00\u201324.00 INDUSTRIAL Cafe<\/p>\n<p>Nieod\u0142\u0105czn\u0105 cz\u0119\u015bci\u0105 Galerii jest kawiarnia INDUSTRIAL Cafe, kt\u00f3ra w trakcie Ostrawskiej Nocy Muze\u00f3w przygotuje dla Pa\u0144stwa specjaln\u0105 ofert\u0119. W pomieszczeniach z pierwszej Republiki mog\u0105 Pa\u0144stwo skosztowa\u0107 delikatnej kawy, domowej produkcji tort\u00f3w i deser\u00f3w, ewentualnie innych specja\u0142\u00f3w. Z rado\u015bci\u0105 przywitamy Pa\u0144stwa w romantycznym ogr\u00f3dku pod lip\u0105 wewn\u0105trz obiektu.<\/p>\n<h4>INDUSTRIAL Cafe<\/h4>\n<p>rezerwacja na tel.: +420 596 112 945<\/p>\n<p>email: info@industrialcafe.cz<\/p>\n<p>www.industrialcafe.cz<\/p>\n<p><a href=\"https:\/\/www.facebook.com\/IndustrialCafe\">https:\/\/www.facebook.com\/IndustrialCafe<\/a><\/p>\n<h4>Kawiarnia i Klub Atlantik<\/h4>\n<p><strong><a href=\"tel:16.00%20-%2024.00\">16.00\u201324.00<\/a>\u00a0Wieczorek ogr\u00f3dkowy z grillowaniem i pianist\u0105 (ogr\u00f3dek Klubu\u00a0 Atlantik)<\/strong><\/p>\n<p>Sery, kie\u0142basy, par\u00f3weczki, cukiety, papryki i dalsze szalone pomys\u0142y z grilla\u00a0 bezpo\u015brednio na Pa\u0144stwa st\u00f3\u0142. Do tego fantastycznie wych\u0142odzone piwo i wino z miejscowych winotek i oczywi\u015bcie wyborna kawa podawana w porcelanie i w kubeczku na wynos.<\/p>\n<p>Klub Atlantik, \u010ceskoslovensk\u00fdch legi\u00ed 7, Ostrava<\/p>\n<p><a href=\"mailto:atlantik@ckv-ostrava.cz\">atlantik@ckv-ostrava.cz<\/a>, <a href=\"https:\/\/www.klubatlantik.cz\">www.klubatlantik.cz<\/a>, tel. 599 527\u00a0110<\/p>\n<h4>Mini-kino Kawiarnia<\/h4>\n<p><strong>17.00\u201324.00<\/strong><\/p>\n<p>Zapraszamy do skosztowania piwa z ma\u0142ych browar\u00f3w Kon\u00ed\u010dek z Vojkovic i Beskydski browarek z Ostravicy, a mo\u017ce wol\u0105 Pa\u0144stwo wyborn\u0105 kaw\u0119\u00a0 La Boh\u00e9me, lodowe Mojito, panini, ciastka, a mo\u017ce co\u015b innego?<\/p>\n<p>Minikino Kav\u00e1rna, Kosteln\u00ed 3, Ostrava<\/p>\n<p><a href=\"mailto:minikino@atlas.cz\">minikino@atlas.cz<\/a>, <a href=\"https:\/\/www.minikino.cz\">www.minikino.cz<\/a>, tel. 604 777\u00a0537<\/p>\n<div id='gallery-17' class='gallery galleryid-251 gallery-columns-3 gallery-size-medium'><figure class='gallery-item'>\n\t\t\t<div class='gallery-icon landscape'>\n\t\t\t\t<a href='https:\/\/2017.ostravskamuzejninoc.cz\/wp-content\/uploads\/2017\/05\/minikino1.jpg'><img width=\"744\" height=\"558\" src=\"https:\/\/2017.ostravskamuzejninoc.cz\/wp-content\/uploads\/2017\/05\/minikino1-744x558.jpg\" class=\"attachment-medium size-medium\" alt=\"\" loading=\"lazy\" srcset=\"https:\/\/2017.ostravskamuzejninoc.cz\/wp-content\/uploads\/2017\/05\/minikino1-744x558.jpg 744w, https:\/\/2017.ostravskamuzejninoc.cz\/wp-content\/uploads\/2017\/05\/minikino1-420x315.jpg 420w, https:\/\/2017.ostravskamuzejninoc.cz\/wp-content\/uploads\/2017\/05\/minikino1-768x576.jpg 768w, https:\/\/2017.ostravskamuzejninoc.cz\/wp-content\/uploads\/2017\/05\/minikino1-1200x900.jpg 1200w, https:\/\/2017.ostravskamuzejninoc.cz\/wp-content\/uploads\/2017\/05\/minikino1-184x138.jpg 184w, https:\/\/2017.ostravskamuzejninoc.cz\/wp-content\/uploads\/2017\/05\/minikino1.jpg 2048w\" sizes=\"(max-width: 744px) 100vw, 744px\" \/><\/a>\n\t\t\t<\/div><\/figure>\n\t\t<\/div>\n\n<h4>Ostrawskie Muzeum<\/h4>\n<p><strong>17.00\u201323.00 Czesko-japo\u0144skie Centrum Kultury<\/strong><\/p>\n<p>Centrum by\u0142o za\u0142o\u017cone w 2016 roku, a ma na celu przedstawienie szerokiej publiczno\u015bci bogactwa japo\u0144skiej kultury, skupianie ludzi zainteresowanych t\u0105 kultur\u0105, organizowanie akcji kulturalnych o tematyce japo\u0144skiej, worksh\u00f3w, seminari\u00f3w i\u00a0 kurs\u00f3w dla publiczno\u015bci, przezentowania japo\u0144skich sztuk walki i wiele innych. Centrum oferuje szeroki kr\u0105g temat\u00f3w tak, aby ka\u017cdy m\u00f3g\u0142 wybra\u0107 dziedzin\u0119, kt\u00f3ra go najwi\u0119cej interesuje.<\/p>\n<p>Zapraszamy Pa\u0144stwa na fili\u017cank\u0119 herbaty lub kawy do kawiarni \u201eHeiwa kaf\u00e9\u201d, do ogrodu zen i do posmakowania sake czy japo\u0144skich piw. Dla dzieci s\u0105 przygotowane delikatne nektary o smaku mango, liczi, kokos czy granat. Dla rozrywki wszystkich przygotowali\u015bmy sk\u0142adanie japo\u0144skiego origami.<\/p>\n<p>\u010cesko-japonsk\u00e9 kulturn\u00ed centrum<\/p>\n<p>Masarykovo n\u00e1m\u011bst\u00ed 1, Moravsk\u00e1 Ostrava<\/p>\n<p><a href=\"mailto:info@japanova.cz\">info@japanova.cz<\/a><\/p>\n<p><a href=\"https:\/\/www.japanova.cz\/\">www.japanova.cz<\/a><\/p>\n<p>tel. 603\u00a0396 936, 605\u00a0578\u00a0017<\/p>\n<h4>PLATO Ostrawa, organizacja bud\u017cetowa<\/h4>\n<p><strong>17.00\u201323.00 Orze\u017awienie dw\u00f3ch typ\u00f3w!<\/strong><\/p>\n<p><strong>Extra drinki z zi\u00f3\u0142 \/ premiera designowego w\u00f3zka w PLATO!<\/strong><\/p>\n<p>Przez ca\u0142y wiecz\u00f3r mo\u017cecie Pa\u0144stwo pobudza\u0107 swoje cia\u0142o i zmys\u0142y wywa\u017conymi kombinacjami zi\u00f3\u0142 i delikatnych likier\u00f3w oraz syrop\u00f3w. \u015al\u0105skie\u00a0 zielarstwo we wsp\u00f3\u0142pracy z rze\u017abiark\u0105 \u0160\u00e1rkou Mikeskow\u0105 przygotowa\u0142o obwo\u017any handel na w\u00f3zku herbata-zio\u0142o-drink-bar!<\/p>\n<p>\u015al\u0105skie zielarstwo, www.slezskebylinarstvi.cz<\/p>\n<h4><strong>Piwniczka wina U Kusaly \/ s\u0105siad PLATO<\/strong><\/h4>\n<p>Znana w ostrawie piwniczka wina b\u0119dzie d\u0142u\u017cej otwarta!<\/p>\n<p>Vinn\u00fd sklep U Kusaly, www.ukusaly.cz<\/p>\n<p>PLATO Ostrava, Kancel\u00e1\u0159 pro um\u011bn\u00ed, \u010ceskobratrsk\u00e1 1888\/14, Ostrava<\/p>\n<p>info@plato-ostrava.cz, www.plato-ostrava.cz, tel. 702 206\u00a0099<\/p>\n<h4><strong>Ratusz miasta Ostrawy<\/strong><\/h4>\n<p><strong>17.00\u201323.00<\/strong><\/p>\n<p>Dobra kawa i wyborne \u201ema\u0142e co nieco\u201d z mobilnej kawiarni Mental Cafe i restauracji AHOL \u2013 wy\u017cszej szko\u0142y zawodowej, Spir\u00e1la, o. p. s.<\/p>\n<p>Magistr\u00e1t m\u011bsta Ostravy, Proke\u0161ovo n\u00e1m. 8, 729 30 Ostrava<\/p>\n<p><a href=\"https:\/\/www.ostrava.cz\">www.ostrava.cz<\/a>, <a href=\"https:\/\/www.ostravainfo.cz\">www.ostravainfo.cz<\/a>, tel. 596\u00a0281\u00a0111, 599\u00a0443\u00a0096<\/p>\n<h4>\u015al\u0105ska Lilia<\/h4>\n<h4>17.00\u201323.45<\/h4>\n<p>Ca\u0142y wiecz\u00f3r, a\u017c do ko\u0144ca trwania programu na festiwalu \u015al\u0105ska Lilia b\u0119d\u0105 czynne stoiska z \u017cywno\u015bci\u0105 i napojami\u00a0 firmy\u00a0<a href=\"https:\/\/www.maleda.cz\/\">Maleda<\/a>.<\/p>\n<p>Festival Slezsk\u00e1 lilie, Katedr\u00e1la Bo\u017esk\u00e9ho Spasitele na n\u00e1m\u011bst\u00ed Msgre \u0160r\u00e1mka,<\/p>\n<p><a href=\"https:\/\/www.maleda.cz\">www.maleda.cz<\/a>, <a href=\"mailto:production@colours.cz\">production@colours.cz<\/a>, tel. \u010d. 608 972\u00a0908<\/p>\n<h4>Galeria \u015al\u0105sko-ostrawska<\/h4>\n<p><strong>17.00\u201323.45 Mental Caf\u00e9<\/strong><\/p>\n<p>Co\u015b na z\u0105b zaoferuje kawiarnia z niekonwencjonaln\u0105 obs\u0142ug\u0105.<\/p>\n<p>Slezskoostravsk\u00e1 <em>g<\/em>alerie, T\u011b\u0161\u00ednsk\u00e1 35, Ostrava-Slezsk\u00e1 Ostrava<\/p>\n<p><a href=\"https:\/\/www.slezskoostavskagalerie.cz\">www.slezskoostavskagalerie.cz<\/a>, vvahalikova@slezska.cz, tel. \u010d. 599\u00a0410\u00a0426, 725\u00a0716 900<\/p>\n<p>Facebook: Slezskoostravsk\u00e1 galerie<\/p>\n<div id='gallery-18' class='gallery galleryid-251 gallery-columns-3 gallery-size-medium'><figure class='gallery-item'>\n\t\t\t<div class='gallery-icon landscape'>\n\t\t\t\t<a href='https:\/\/2017.ostravskamuzejninoc.cz\/wp-content\/uploads\/2017\/05\/slezka_galerie_obcerstveni.jpg'><img width=\"744\" height=\"494\" src=\"https:\/\/2017.ostravskamuzejninoc.cz\/wp-content\/uploads\/2017\/05\/slezka_galerie_obcerstveni-744x494.jpg\" class=\"attachment-medium size-medium\" alt=\"\" loading=\"lazy\" srcset=\"https:\/\/2017.ostravskamuzejninoc.cz\/wp-content\/uploads\/2017\/05\/slezka_galerie_obcerstveni-744x494.jpg 744w, https:\/\/2017.ostravskamuzejninoc.cz\/wp-content\/uploads\/2017\/05\/slezka_galerie_obcerstveni-420x279.jpg 420w, https:\/\/2017.ostravskamuzejninoc.cz\/wp-content\/uploads\/2017\/05\/slezka_galerie_obcerstveni-768x510.jpg 768w, https:\/\/2017.ostravskamuzejninoc.cz\/wp-content\/uploads\/2017\/05\/slezka_galerie_obcerstveni-1200x797.jpg 1200w, https:\/\/2017.ostravskamuzejninoc.cz\/wp-content\/uploads\/2017\/05\/slezka_galerie_obcerstveni-184x122.jpg 184w\" sizes=\"(max-width: 744px) 100vw, 744px\" \/><\/a>\n\t\t\t<\/div><\/figure>\n\t\t<\/div>\n\n<h4>17.00\u201302.00 Kawiarnia Stara arena<\/h4>\n<p>Kawiarnia na pierwszym pi\u0119trze zaprasza Pa\u0144stwa do siebie, sk\u0105d mo\u017cna podziwia\u0107 panoram\u0119 rynku. Od godziny 11 do 14 mog\u0105 Pa\u0144stwo skosztowa\u0107 wybornego cappucino z babk\u0105 domowej produkcji za dogodn\u0105 cen\u0119. Kiedykolwiek przez reszt\u0119 dnia u nas mo\u017cna wypi\u0107 doskona\u0142\u0105 kaw\u0119 doubleshot, spr\u00f3bowa\u0107 domowych deser\u00f3w lub lemoniad bez alkoholu. Ka\u017cdego wieczoru kawiarnia zamienia si\u0119 w bar, a wi\u0119c mo\u017cecie Pa\u0144stwo przyj\u015b\u0107 na piwo, czy coctail. Cieszymy si\u0119 na spotkanie!<\/p>\n<p>Star\u00e1 ar\u00e9na, 28. \u0159\u00edjna 23, Ostrava<\/p>\n<p><a href=\"mailto:program@staraarena.cz\">program@staraarena.cz<\/a>, <a href=\"https:\/\/www.staraarena.cz\">www.staraarena.cz<\/a>, tel. 775 656\u00a0056<\/p>\n<h4>\u015arednia Szko\u0142a Artystyczna Ostrawa<\/h4>\n<p><strong>17.00\u201322.00<\/strong><\/p>\n<p>Uroczysto\u015b\u0107 ogrodowa z opiekaniem par\u00f3wek nad ogniskiem i ma\u0142ym bufetem.<\/p>\n<p>Zahrada a p\u0159ilehl\u00e9 prostory St\u0159edn\u00ed um\u011bleck\u00e9 \u0161koly, Ostrava, Pod\u011bbradova 33<\/p>\n<p><a href=\"mailto:studijni@sus-ostrava.cz\">studijni@sus-ostrava.cz<\/a>, <a href=\"https:\/\/www.sus-ostrava.cz\/\">www.sus-ostrava.cz<\/a>, tel. 596 114\u00a0985<\/p>","protected":false},"excerpt":{"rendered":"<p>Przek\u0105ski, czyli co\u015b na z\u0105b &nbsp; W wypadku kiedy poczujecie &hellip;<\/p>\n","protected":false},"author":1,"featured_media":0,"parent":0,"menu_order":0,"comment_status":"closed","ping_status":"closed","template":"","meta":[],"_links":{"self":[{"href":"https:\/\/2017.ostravskamuzejninoc.cz\/pl\/wp-json\/wp\/v2\/pages\/251"}],"collection":[{"href":"https:\/\/2017.ostravskamuzejninoc.cz\/pl\/wp-json\/wp\/v2\/pages"}],"about":[{"href":"https:\/\/2017.ostravskamuzejninoc.cz\/pl\/wp-json\/wp\/v2\/types\/page"}],"author":[{"embeddable":true,"href":"https:\/\/2017.ostravskamuzejninoc.cz\/pl\/wp-json\/wp\/v2\/users\/1"}],"replies":[{"embeddable":true,"href":"https:\/\/2017.ostravskamuzejninoc.cz\/pl\/wp-json\/wp\/v2\/comments?post=251"}],"version-history":[{"count":26,"href":"https:\/\/2017.ostravskamuzejninoc.cz\/pl\/wp-json\/wp\/v2\/pages\/251\/revisions"}],"predecessor-version":[{"id":974,"href":"https:\/\/2017.ostravskamuzejninoc.cz\/pl\/wp-json\/wp\/v2\/pages\/251\/revisions\/974"}],"wp:attachment":[{"href":"https:\/\/2017.ostravskamuzejninoc.cz\/pl\/wp-json\/wp\/v2\/media?parent=251"}],"curies":[{"name":"wp","href":"https:\/\/api.w.org\/{rel}","templated":true}]}}