{"id":5,"date":"2017-04-04T19:08:40","date_gmt":"2017-04-04T17:08:40","guid":{"rendered":"http:\/\/ostravskamuzejninoc.cz\/subdom\/2017\/?page_id=5"},"modified":"2017-06-05T21:44:05","modified_gmt":"2017-06-05T19:44:05","slug":"program","status":"publish","type":"page","link":"https:\/\/2017.ostravskamuzejninoc.cz\/pl\/program\/","title":{"rendered":"Program"},"content":{"rendered":"<p><\/p>\n<h1>Ostravsk\u00e1 muzejn\u00ed noc 10. 6. 2017<\/h1>\n<p>&nbsp;<\/p>\n<p>Dziewi\u0105ty rocznik mi\u0119dzynarodowego festiwalu kulturalnego pod nazw\u0105 Ostrawska Noc Muze\u00f3w zbli\u017ca si\u0119 w szybkim tempie. 39 ostrawskich instytucji zwi\u0105zanych z kultur\u0105 czy edukacj\u0105 w sobot\u0119 10 czerwca o godzinie 17. otworzy dla publiczno\u015bci drzwi do p\u00f3\u017anych godzin wieczornych. Nie zabraknie wystaw, zwiedzania z przewodnikiem, prelekcji, projekcji, koncert\u00f3w, workshop\u00f3w, tw\u00f3rczych pracowni lub wyst\u0119p\u00f3w scenicznych. Muzea, galerie, biblioteki, szko\u0142y, zabytki techniki, kawiarnie, kluby, ratusze, cyrki i centra o specjalnym przeznaczeniu wpuszcz\u0105 Pa\u0144stwa na swoje zaplecze.<\/p>\n<p>Zapraszamy do w\u0142\u0105czenia si\u0119 do zabawy i odwiedzenia instytucji kultury i edukacji w nietradycyjnych godzinach i z nietradycyjnym programem. Cieszymy si\u0119 na wizyt\u0119 Pa\u0144stwa, pa\u0144stwa dzieci, bliskich, przyjaci\u00f3\u0142, s\u0105siad\u00f3w i znajomych.<\/p>\n<p>Program wsp\u00f3lnego rozpocz\u0119cia festiwalu przed budynkiem Nowego Ratusza na placu\u00a0 Proke\u0161a rozpocznie si\u0119 o godz. 17.30. Wej\u015bcie jest bezp\u0142atne, ale uwaga wpuszczani b\u0119d\u0105 tylko go\u015bcie z u\u015bmiechem na ustach i w dobrym humorze!<\/p>\n<p>Ostravsk\u00e1 muzejn\u00ed noc se kon\u00e1 pod z\u00e1\u0161titou hejtmana Moravskoslezsk\u00e9ho kraje Ivo Vondr\u00e1ka a prim\u00e1tora statut\u00e1rn\u00edho m\u011bsta Ostravy Tom\u00e1\u0161e Macury<\/p>\n<p><strong>Festival finan\u010dn\u011b podpo\u0159il Moravskoslezsk\u00fd kraj a statut\u00e1rn\u00ed m\u011bsto Ostrava<\/strong><\/p>\n<p>Festival muzejn\u00edch noc\u00ed 2017 po\u0159\u00e1d\u00e1 Asociace Muze\u00ed a galeri\u00ed \u010cesk\u00e9 republiky s podporou Ministerstva kultury \u010cR.<\/p>","protected":false},"excerpt":{"rendered":"<p>Ostravsk\u00e1 muzejn\u00ed noc 10. 6. 2017 &nbsp; Dziewi\u0105ty rocznik mi\u0119dzynarodowego &hellip;<\/p>\n","protected":false},"author":1,"featured_media":172,"parent":0,"menu_order":0,"comment_status":"closed","ping_status":"closed","template":"","meta":[],"_links":{"self":[{"href":"https:\/\/2017.ostravskamuzejninoc.cz\/pl\/wp-json\/wp\/v2\/pages\/5"}],"collection":[{"href":"https:\/\/2017.ostravskamuzejninoc.cz\/pl\/wp-json\/wp\/v2\/pages"}],"about":[{"href":"https:\/\/2017.ostravskamuzejninoc.cz\/pl\/wp-json\/wp\/v2\/types\/page"}],"author":[{"embeddable":true,"href":"https:\/\/2017.ostravskamuzejninoc.cz\/pl\/wp-json\/wp\/v2\/users\/1"}],"replies":[{"embeddable":true,"href":"https:\/\/2017.ostravskamuzejninoc.cz\/pl\/wp-json\/wp\/v2\/comments?post=5"}],"version-history":[{"count":18,"href":"https:\/\/2017.ostravskamuzejninoc.cz\/pl\/wp-json\/wp\/v2\/pages\/5\/revisions"}],"predecessor-version":[{"id":951,"href":"https:\/\/2017.ostravskamuzejninoc.cz\/pl\/wp-json\/wp\/v2\/pages\/5\/revisions\/951"}],"wp:featuredmedia":[{"embeddable":true,"href":"https:\/\/2017.ostravskamuzejninoc.cz\/pl\/wp-json\/wp\/v2\/media\/172"}],"wp:attachment":[{"href":"https:\/\/2017.ostravskamuzejninoc.cz\/pl\/wp-json\/wp\/v2\/media?parent=5"}],"curies":[{"name":"wp","href":"https:\/\/api.w.org\/{rel}","templated":true}]}}