{"id":837,"date":"2017-05-26T14:40:15","date_gmt":"2017-05-26T12:40:15","guid":{"rendered":"http:\/\/ostravskamuzejninoc.cz\/subdom\/2017\/?page_id=837"},"modified":"2017-06-12T11:37:12","modified_gmt":"2017-06-12T09:37:12","slug":"media","status":"publish","type":"page","link":"https:\/\/2017.ostravskamuzejninoc.cz\/pl\/media\/","title":{"rendered":"Media"},"content":{"rendered":"<p class=\"qtranxs-available-languages-message qtranxs-available-languages-message-pl\">Przepraszamy, ten wpis jest dost\u0119pny tylko w j\u0119zyku <a href=\"https:\/\/2017.ostravskamuzejninoc.cz\/cs\/wp-json\/wp\/v2\/pages\/837\" class=\"qtranxs-available-language-link qtranxs-available-language-link-cs\" title=\"\u010cesky\">\u010cesky<\/a>.<\/p>","protected":false},"excerpt":{"rendered":"<p>Przepraszamy, ten wpis jest dost\u0119pny tylko w j\u0119zyku \u010cesky.<\/p>\n","protected":false},"author":1,"featured_media":0,"parent":0,"menu_order":0,"comment_status":"closed","ping_status":"closed","template":"","meta":[],"_links":{"self":[{"href":"https:\/\/2017.ostravskamuzejninoc.cz\/pl\/wp-json\/wp\/v2\/pages\/837"}],"collection":[{"href":"https:\/\/2017.ostravskamuzejninoc.cz\/pl\/wp-json\/wp\/v2\/pages"}],"about":[{"href":"https:\/\/2017.ostravskamuzejninoc.cz\/pl\/wp-json\/wp\/v2\/types\/page"}],"author":[{"embeddable":true,"href":"https:\/\/2017.ostravskamuzejninoc.cz\/pl\/wp-json\/wp\/v2\/users\/1"}],"replies":[{"embeddable":true,"href":"https:\/\/2017.ostravskamuzejninoc.cz\/pl\/wp-json\/wp\/v2\/comments?post=837"}],"version-history":[{"count":13,"href":"https:\/\/2017.ostravskamuzejninoc.cz\/pl\/wp-json\/wp\/v2\/pages\/837\/revisions"}],"predecessor-version":[{"id":979,"href":"https:\/\/2017.ostravskamuzejninoc.cz\/pl\/wp-json\/wp\/v2\/pages\/837\/revisions\/979"}],"wp:attachment":[{"href":"https:\/\/2017.ostravskamuzejninoc.cz\/pl\/wp-json\/wp\/v2\/media?parent=837"}],"curies":[{"name":"wp","href":"https:\/\/api.w.org\/{rel}","templated":true}]}}